{"id":15942,"date":"2022-02-04T11:12:08","date_gmt":"2022-02-04T10:12:08","guid":{"rendered":"http:\/\/rania.ma\/echanges\/"},"modified":"2022-12-02T17:43:10","modified_gmt":"2022-12-02T16:43:10","slug":"echanges","status":"publish","type":"page","link":"https:\/\/www.ehtp.ac.ma\/ar\/echanges\/","title":{"rendered":"\u0627\u0644\u062a\u0628\u0627\u062f\u0644\u0627\u062a"},"content":{"rendered":"\n<p>L&#8217;EHTP offre aux \u00e9tudiants la possibilit\u00e9 d&#8217;effectuer une ann\u00e9e d&#8217;\u00e9change (la troisi\u00e8me ann\u00e9e du cursus ing\u00e9nieur) au sein d&#8217;une des \u00e9coles partenaires. L&#8217;\u00e9l\u00e8ve ing\u00e9nieur peut alors, sous condition de remplir les crit\u00e8res n\u00e9cessaires afin d&#8217;y \u00eatre admis.<\/p>\n\n\n\n<p>Nombreux \u00e9l\u00e8ves ont b\u00e9n\u00e9fici\u00e9 de cette opportunit\u00e9 qui constitue un important pas dans leur formation.<\/p>\n","protected":false},"excerpt":{"rendered":"<p>L&#8217;EHTP offre aux \u00e9tudiants la possibilit\u00e9 d&#8217;effectuer une ann\u00e9e d&#8217;\u00e9change (la troisi\u00e8me ann\u00e9e du cursus ing\u00e9nieur) au sein d&#8217;une des \u00e9coles partenaires. L&#8217;\u00e9l\u00e8ve ing\u00e9nieur peut alors, sous condition de remplir les crit\u00e8res n\u00e9cessaires afin d&#8217;y \u00eatre admis. Nombreux \u00e9l\u00e8ves ont b\u00e9n\u00e9fici\u00e9 de cette opportunit\u00e9 qui constitue un important pas dans leur formation.<\/p>\n","protected":false},"author":1,"featured_media":0,"parent":0,"menu_order":0,"comment_status":"closed","ping_status":"closed","template":"","meta":{"footnotes":""},"class_list":["post-15942","page","type-page","status-publish","hentry","post-no-thumbnail"],"acf":[],"_links":{"self":[{"href":"https:\/\/www.ehtp.ac.ma\/ar\/wp-json\/wp\/v2\/pages\/15942","targetHints":{"allow":["GET"]}}],"collection":[{"href":"https:\/\/www.ehtp.ac.ma\/ar\/wp-json\/wp\/v2\/pages"}],"about":[{"href":"https:\/\/www.ehtp.ac.ma\/ar\/wp-json\/wp\/v2\/types\/page"}],"author":[{"embeddable":true,"href":"https:\/\/www.ehtp.ac.ma\/ar\/wp-json\/wp\/v2\/users\/1"}],"replies":[{"embeddable":true,"href":"https:\/\/www.ehtp.ac.ma\/ar\/wp-json\/wp\/v2\/comments?post=15942"}],"version-history":[{"count":1,"href":"https:\/\/www.ehtp.ac.ma\/ar\/wp-json\/wp\/v2\/pages\/15942\/revisions"}],"predecessor-version":[{"id":16610,"href":"https:\/\/www.ehtp.ac.ma\/ar\/wp-json\/wp\/v2\/pages\/15942\/revisions\/16610"}],"wp:attachment":[{"href":"https:\/\/www.ehtp.ac.ma\/ar\/wp-json\/wp\/v2\/media?parent=15942"}],"curies":[{"name":"wp","href":"https:\/\/api.w.org\/{rel}","templated":true}]}}