{"id":22950,"date":"2025-06-18T16:27:46","date_gmt":"2025-06-18T14:27:46","guid":{"rendered":"https:\/\/www.ehtp.ac.ma\/?page_id=22950"},"modified":"2025-06-18T16:30:37","modified_gmt":"2025-06-18T14:30:37","slug":"executive-master-en-ingenierie-et-management-qhsse","status":"publish","type":"page","link":"https:\/\/www.ehtp.ac.ma\/ar\/executive-master-en-ingenierie-et-management-qhsse\/","title":{"rendered":"Executive Master en Ing\u00e9nierie et Management QHSSE"},"content":{"rendered":"<p><img fetchpriority=\"high\" decoding=\"async\" class=\"aligncenter wp-image-22938\" src=\"https:\/\/www.ehtp.ac.ma\/wp-content\/uploads\/2025\/06\/Fiche-EME-QHSSE.png\" alt=\"\" width=\"1100\" height=\"1556\" srcset=\"https:\/\/www.ehtp.ac.ma\/wp-content\/uploads\/2025\/06\/Fiche-EME-QHSSE.png 1587w, https:\/\/www.ehtp.ac.ma\/wp-content\/uploads\/2025\/06\/Fiche-EME-QHSSE-212x300.png 212w, https:\/\/www.ehtp.ac.ma\/wp-content\/uploads\/2025\/06\/Fiche-EME-QHSSE-724x1024.png 724w, https:\/\/www.ehtp.ac.ma\/wp-content\/uploads\/2025\/06\/Fiche-EME-QHSSE-768x1086.png 768w, https:\/\/www.ehtp.ac.ma\/wp-content\/uploads\/2025\/06\/Fiche-EME-QHSSE-1086x1536.png 1086w, https:\/\/www.ehtp.ac.ma\/wp-content\/uploads\/2025\/06\/Fiche-EME-QHSSE-1448x2048.png 1448w, https:\/\/www.ehtp.ac.ma\/wp-content\/uploads\/2025\/06\/Fiche-EME-QHSSE-57x80.png 57w, https:\/\/www.ehtp.ac.ma\/wp-content\/uploads\/2025\/06\/Fiche-EME-QHSSE-1320x1867.png 1320w\" sizes=\"(max-width: 1100px) 100vw, 1100px\" \/><\/p>\n<p data-wp-editing=\"1\"><a href=\"https:\/\/www.ehtp.ac.ma\/wp-content\/uploads\/2025\/06\/Fiche-EME-QHSSE.pdf\"><img decoding=\"async\" src=\"https:\/\/www.ehtp.ac.ma\/wp-content\/uploads\/2025\/03\/icons8-pdf-64-1.png\" alt=\"\" width=\"32\" height=\"32\" \/>T\u00e9l\u00e9charger la brochure.<\/a><\/p>\n<p data-wp-editing=\"1\"><a href=\"https:\/\/www.ehtp.ac.ma\/wp-content\/uploads\/2025\/06\/Dossier-EHTP-EME-QHSSE.pdf\"><img decoding=\"async\" src=\"https:\/\/www.ehtp.ac.ma\/wp-content\/uploads\/2025\/03\/icons8-s-inscrire-64-1.png\" alt=\"\" width=\"32\" height=\"32\" \/>T\u00e9l\u00e9charger le dossier de candidature.<\/a><\/p>\n<p><a href=\"https:\/\/docs.google.com\/forms\/d\/e\/1FAIpQLSdKJmSltEerHjmYZV2cTuLyPCVvcV4JFfNWWg8ALuglpdKaHA\/viewform?usp=header\"><img loading=\"lazy\" decoding=\"async\" src=\"https:\/\/www.ehtp.ac.ma\/wp-content\/uploads\/2025\/03\/icons8-url-50.png\" alt=\"\" width=\"32\" height=\"32\" \/>Le<span data-olk-copy-source=\"MessageBody\"> formulaire de renseignement.<\/span><\/a><\/p>\n","protected":false},"excerpt":{"rendered":"<p>T\u00e9l\u00e9charger la brochure. T\u00e9l\u00e9charger le dossier de candidature. Le formulaire de renseignement.<\/p>\n","protected":false},"author":9,"featured_media":22953,"parent":0,"menu_order":0,"comment_status":"closed","ping_status":"closed","template":"","meta":{"footnotes":""},"class_list":["post-22950","page","type-page","status-publish","has-post-thumbnail","hentry"],"acf":[],"_links":{"self":[{"href":"https:\/\/www.ehtp.ac.ma\/ar\/wp-json\/wp\/v2\/pages\/22950","targetHints":{"allow":["GET"]}}],"collection":[{"href":"https:\/\/www.ehtp.ac.ma\/ar\/wp-json\/wp\/v2\/pages"}],"about":[{"href":"https:\/\/www.ehtp.ac.ma\/ar\/wp-json\/wp\/v2\/types\/page"}],"author":[{"embeddable":true,"href":"https:\/\/www.ehtp.ac.ma\/ar\/wp-json\/wp\/v2\/users\/9"}],"replies":[{"embeddable":true,"href":"https:\/\/www.ehtp.ac.ma\/ar\/wp-json\/wp\/v2\/comments?post=22950"}],"version-history":[{"count":1,"href":"https:\/\/www.ehtp.ac.ma\/ar\/wp-json\/wp\/v2\/pages\/22950\/revisions"}],"predecessor-version":[{"id":22955,"href":"https:\/\/www.ehtp.ac.ma\/ar\/wp-json\/wp\/v2\/pages\/22950\/revisions\/22955"}],"wp:featuredmedia":[{"embeddable":true,"href":"https:\/\/www.ehtp.ac.ma\/ar\/wp-json\/wp\/v2\/media\/22953"}],"wp:attachment":[{"href":"https:\/\/www.ehtp.ac.ma\/ar\/wp-json\/wp\/v2\/media?parent=22950"}],"curies":[{"name":"wp","href":"https:\/\/api.w.org\/{rel}","templated":true}]}}