{"id":23527,"date":"2026-02-23T17:09:28","date_gmt":"2026-02-23T16:09:28","guid":{"rendered":"https:\/\/www.ehtp.ac.ma\/?page_id=23527"},"modified":"2026-02-23T17:12:08","modified_gmt":"2026-02-23T16:12:08","slug":"executive-master-en-ingenierie-des-systemes-drone-et-applications-metiers","status":"publish","type":"page","link":"https:\/\/www.ehtp.ac.ma\/ar\/executive-master-en-ingenierie-des-systemes-drone-et-applications-metiers\/","title":{"rendered":"Executive Master en Ing\u00e9nierie des Syst\u00e8mes Drone et Applications M\u00e9tiers"},"content":{"rendered":"<p><img fetchpriority=\"high\" decoding=\"async\" class=\"alignnone wp-image-23520\" src=\"https:\/\/www.ehtp.ac.ma\/wp-content\/uploads\/2026\/02\/Brochure-ISDAM-2026_1.png\" alt=\"\" width=\"1002\" height=\"1417\" srcset=\"https:\/\/www.ehtp.ac.ma\/wp-content\/uploads\/2026\/02\/Brochure-ISDAM-2026_1.png 1242w, https:\/\/www.ehtp.ac.ma\/wp-content\/uploads\/2026\/02\/Brochure-ISDAM-2026_1-212x300.png 212w, https:\/\/www.ehtp.ac.ma\/wp-content\/uploads\/2026\/02\/Brochure-ISDAM-2026_1-724x1024.png 724w, https:\/\/www.ehtp.ac.ma\/wp-content\/uploads\/2026\/02\/Brochure-ISDAM-2026_1-768x1086.png 768w, https:\/\/www.ehtp.ac.ma\/wp-content\/uploads\/2026\/02\/Brochure-ISDAM-2026_1-1086x1536.png 1086w, https:\/\/www.ehtp.ac.ma\/wp-content\/uploads\/2026\/02\/Brochure-ISDAM-2026_1-57x80.png 57w\" sizes=\"(max-width: 1002px) 100vw, 1002px\" \/><\/p>\n<p><a href=\"https:\/\/www.ehtp.ac.ma\/wp-content\/uploads\/2026\/02\/Brochure-ISDAM-2026.pdf\"><img decoding=\"async\" src=\"https:\/\/www.ehtp.ac.ma\/wp-content\/uploads\/2025\/03\/icons8-pdf-64-1.png\" alt=\"\" width=\"32\" height=\"32\" \/> T\u00e9l\u00e9charger la brochure<\/a><\/p>\n","protected":false},"excerpt":{"rendered":"<p>T\u00e9l\u00e9charger la brochure<\/p>\n","protected":false},"author":9,"featured_media":23532,"parent":0,"menu_order":0,"comment_status":"closed","ping_status":"closed","template":"","meta":{"footnotes":""},"class_list":["post-23527","page","type-page","status-publish","has-post-thumbnail","hentry"],"acf":[],"_links":{"self":[{"href":"https:\/\/www.ehtp.ac.ma\/ar\/wp-json\/wp\/v2\/pages\/23527","targetHints":{"allow":["GET"]}}],"collection":[{"href":"https:\/\/www.ehtp.ac.ma\/ar\/wp-json\/wp\/v2\/pages"}],"about":[{"href":"https:\/\/www.ehtp.ac.ma\/ar\/wp-json\/wp\/v2\/types\/page"}],"author":[{"embeddable":true,"href":"https:\/\/www.ehtp.ac.ma\/ar\/wp-json\/wp\/v2\/users\/9"}],"replies":[{"embeddable":true,"href":"https:\/\/www.ehtp.ac.ma\/ar\/wp-json\/wp\/v2\/comments?post=23527"}],"version-history":[{"count":1,"href":"https:\/\/www.ehtp.ac.ma\/ar\/wp-json\/wp\/v2\/pages\/23527\/revisions"}],"predecessor-version":[{"id":23529,"href":"https:\/\/www.ehtp.ac.ma\/ar\/wp-json\/wp\/v2\/pages\/23527\/revisions\/23529"}],"wp:featuredmedia":[{"embeddable":true,"href":"https:\/\/www.ehtp.ac.ma\/ar\/wp-json\/wp\/v2\/media\/23532"}],"wp:attachment":[{"href":"https:\/\/www.ehtp.ac.ma\/ar\/wp-json\/wp\/v2\/media?parent=23527"}],"curies":[{"name":"wp","href":"https:\/\/api.w.org\/{rel}","templated":true}]}}