{"id":15894,"date":"2022-04-25T14:05:08","date_gmt":"2022-04-25T12:05:08","guid":{"rendered":"http:\/\/rania.ma\/accueil\/ministere-de-tutelle\/"},"modified":"2022-11-29T11:04:33","modified_gmt":"2022-11-29T10:04:33","slug":"supervising-ministry","status":"publish","type":"page","link":"https:\/\/www.ehtp.ac.ma\/en\/accueil\/supervising-ministry\/","title":{"rendered":"Supervising ministry"},"content":{"rendered":"\t\t<div data-elementor-type=\"wp-page\" data-elementor-id=\"15894\" class=\"elementor elementor-15894 elementor-15353\">\n\t\t\t\t\t\t<section class=\"elementor-section elementor-top-section elementor-element elementor-element-4478d45 elementor-section-boxed elementor-section-gap-beside-yes elementor-section-height-default elementor-section-height-default elementor-section-content-align-center elementor-section-column-vertical-align-stretch\" data-id=\"4478d45\" data-element_type=\"section\">\n\t\t\t\t\t\t<div class=\"elementor-container elementor-column-gap-extended\">\n\t\t\t\t\t<div class=\"elementor-column elementor-col-100 elementor-top-column elementor-element elementor-element-b353040\" data-id=\"b353040\" data-element_type=\"column\">\n\t\t\t<div class=\"elementor-widget-wrap elementor-element-populated\">\n\t\t\t\t\t\t<div class=\"elementor-element elementor-element-8e07d1c elementor-widget elementor-widget-image\" data-id=\"8e07d1c\" data-element_type=\"widget\" data-widget_type=\"image.default\">\n\t\t\t\t<div class=\"elementor-widget-container\">\n\t\t\t\t\t\t\t\t\t\t\t\t\t<img decoding=\"async\" src=\"https:\/\/www.ehtp.ac.ma\/wp-content\/uploads\/2022\/04\/mtele-400x91.jpg\" title=\"mtele\" alt=\"mtele\" loading=\"lazy\" \/>\t\t\t\t\t\t\t\t\t\t\t\t\t<\/div>\n\t\t\t\t<\/div>\n\t\t\t\t<div class=\"elementor-element elementor-element-c7d1100 elementor-widget elementor-widget-text-editor\" data-id=\"c7d1100\" data-element_type=\"widget\" data-widget_type=\"text-editor.default\">\n\t\t\t\t<div class=\"elementor-widget-container\">\n\t\t\t\t\t\t\t<p>Minist\u00e8re de l&#8217;Equipement, du Transport, de la Logistique et de l&#8217;Eau. \u00c9labore et met en \u0153uvre, dans le cadre des lois et r\u00e8glements en vigueur, la politique du gouvernement dans les domaines routier, portuaire, ferroviaire, a\u00e9rien et maritime.<\/p><p>Il \u00e9labore et met en \u0153uvre la politique du gouvernement en mati\u00e8re de transports routier, ferroviaire, a\u00e9rien et maritime. Il a en outre pour mission de d\u00e9finir la politique du gouvernement en mati\u00e8re de s\u00e9curit\u00e9 routi\u00e8re et de coordonner sa mise en \u0153uvre.<\/p><p>Le Minist\u00e8re de l\u2019Equipement et des Transports peut assurer \u00e9galement pour le compte d\u2019autres d\u00e9partements ou des collectivit\u00e9s territoriales, ou des \u00e9tablissements publics qui en font la demande :<\/p>\t\t\t\t\t\t<\/div>\n\t\t\t\t<\/div>\n\t\t\t\t<div class=\"elementor-element elementor-element-20ee0dc elementor-widget elementor-widget-text-editor\" data-id=\"20ee0dc\" data-element_type=\"widget\" data-widget_type=\"text-editor.default\">\n\t\t\t\t<div class=\"elementor-widget-container\">\n\t\t\t\t\t\t\t&#8211; La r\u00e9alisation, la supervision ou le contr\u00f4le d\u2019\u00e9tudes \u00e0 caract\u00e8re technique;\n&#8211; La r\u00e9alisation d\u2019ouvrages techniques ou le contr\u00f4le technique, de travaux conc\u00e9d\u00e9s, ou donn\u00e9s en g\u00e9rance.\t\t\t\t\t\t<\/div>\n\t\t\t\t<\/div>\n\t\t\t\t<div class=\"elementor-element elementor-element-01125c2 elementor-align-center elementor-widget elementor-widget-button\" data-id=\"01125c2\" data-element_type=\"widget\" data-widget_type=\"button.default\">\n\t\t\t\t<div class=\"elementor-widget-container\">\n\t\t\t\t\t\t\t<div class=\"elementor-button-wrapper\">\n\t\t\t\t\t<a class=\"elementor-button elementor-button-link elementor-size-sm\" href=\"http:\/\/www.mtpnet.gov.ma\/\">\n\t\t\t\t\t\t<span class=\"elementor-button-content-wrapper\">\n\t\t\t\t\t\t\t\t\t<span class=\"elementor-button-text\">www.mtpnet.gov.ma<\/span>\n\t\t\t\t\t<\/span>\n\t\t\t\t\t<\/a>\n\t\t\t\t<\/div>\n\t\t\t\t\t\t<\/div>\n\t\t\t\t<\/div>\n\t\t\t\t\t<\/div>\n\t\t<\/div>\n\t\t\t\t\t<\/div>\n\t\t<\/section>\n\t\t\t\t<\/div>\n\t\t","protected":false},"excerpt":{"rendered":"<p>Minist\u00e8re de l&#8217;Equipement, du Transport, de la Logistique et de l&#8217;Eau. \u00c9labore et met en \u0153uvre, dans le cadre des lois et r\u00e8glements en vigueur, la politique du gouvernement dans les domaines routier, portuaire, ferroviaire, a\u00e9rien et maritime. Il \u00e9labore et met en \u0153uvre la politique du gouvernement en mati\u00e8re de transports routier, ferroviaire, a\u00e9rien et maritime. Il a en outre pour mission de d\u00e9finir la politique du gouvernement en mati\u00e8re de s\u00e9curit\u00e9 routi\u00e8re et de coordonner sa mise en \u0153uvre. Le Minist\u00e8re de l\u2019Equipement et des Transports peut assurer \u00e9galement pour le compte d\u2019autres d\u00e9partements ou des collectivit\u00e9s territoriales, ou des \u00e9tablissements publics qui en font la demande : &#8211; La r\u00e9alisation, la supervision ou le contr\u00f4le d\u2019\u00e9tudes \u00e0 caract\u00e8re technique; &#8211; La r\u00e9alisation d\u2019ouvrages techniques ou le contr\u00f4le technique, de travaux conc\u00e9d\u00e9s, ou donn\u00e9s en g\u00e9rance. www.mtpnet.gov.ma<\/p>\n","protected":false},"author":1,"featured_media":0,"parent":14510,"menu_order":0,"comment_status":"closed","ping_status":"closed","template":"","meta":{"footnotes":""},"class_list":["post-15894","page","type-page","status-publish","hentry","post-no-thumbnail"],"acf":[],"_links":{"self":[{"href":"https:\/\/www.ehtp.ac.ma\/en\/wp-json\/wp\/v2\/pages\/15894","targetHints":{"allow":["GET"]}}],"collection":[{"href":"https:\/\/www.ehtp.ac.ma\/en\/wp-json\/wp\/v2\/pages"}],"about":[{"href":"https:\/\/www.ehtp.ac.ma\/en\/wp-json\/wp\/v2\/types\/page"}],"author":[{"embeddable":true,"href":"https:\/\/www.ehtp.ac.ma\/en\/wp-json\/wp\/v2\/users\/1"}],"replies":[{"embeddable":true,"href":"https:\/\/www.ehtp.ac.ma\/en\/wp-json\/wp\/v2\/comments?post=15894"}],"version-history":[{"count":1,"href":"https:\/\/www.ehtp.ac.ma\/en\/wp-json\/wp\/v2\/pages\/15894\/revisions"}],"predecessor-version":[{"id":16430,"href":"https:\/\/www.ehtp.ac.ma\/en\/wp-json\/wp\/v2\/pages\/15894\/revisions\/16430"}],"up":[{"embeddable":true,"href":"https:\/\/www.ehtp.ac.ma\/en\/wp-json\/wp\/v2\/pages\/14510"}],"wp:attachment":[{"href":"https:\/\/www.ehtp.ac.ma\/en\/wp-json\/wp\/v2\/media?parent=15894"}],"curies":[{"name":"wp","href":"https:\/\/api.w.org\/{rel}","templated":true}]}}