{"id":15932,"date":"2022-03-07T21:49:57","date_gmt":"2022-03-07T20:49:57","guid":{"rendered":"http:\/\/rania.ma\/bde\/"},"modified":"2023-12-15T09:59:21","modified_gmt":"2023-12-15T08:59:21","slug":"bde","status":"publish","type":"page","link":"https:\/\/www.ehtp.ac.ma\/en\/bde\/","title":{"rendered":"BDE"},"content":{"rendered":"\t\t<div data-elementor-type=\"wp-page\" data-elementor-id=\"15932\" class=\"elementor elementor-15932 elementor-13108\">\n\t\t\t\t\t\t<section class=\"elementor-section elementor-top-section elementor-element elementor-element-cdd8f09 elementor-section-boxed elementor-section-gap-beside-yes elementor-section-height-default elementor-section-height-default elementor-section-content-align-center elementor-section-column-vertical-align-stretch\" data-id=\"cdd8f09\" data-element_type=\"section\">\n\t\t\t\t\t\t<div class=\"elementor-container elementor-column-gap-extended\">\n\t\t\t\t\t<div class=\"elementor-column elementor-col-100 elementor-top-column elementor-element elementor-element-b913ff3\" data-id=\"b913ff3\" data-element_type=\"column\">\n\t\t\t<div class=\"elementor-widget-wrap elementor-element-populated\">\n\t\t\t\t\t\t<div class=\"elementor-element elementor-element-2219306 elementor-widget elementor-widget-tm-heading\" data-id=\"2219306\" data-element_type=\"widget\" data-widget_type=\"tm-heading.default\">\n\t\t\t\t<div class=\"elementor-widget-container\">\n\t\t\t\t\t<div class=\"tm-modern-heading\">\n\t\t\t\n\t\t\t\t\t<div class=\"heading-primary-wrap\">\n\t\t\t<h3 class=\"heading-primary elementor-heading-title\">The student office<\/h3>\t\t<\/div>\n\t\t\n\t\t\t\n\t\t\t\t\t<\/div>\n\t\t\t\t<\/div>\n\t\t\t\t<\/div>\n\t\t\t\t<div class=\"elementor-element elementor-element-fe36f15 elementor-widget elementor-widget-text-editor\" data-id=\"fe36f15\" data-element_type=\"widget\" data-widget_type=\"text-editor.default\">\n\t\t\t\t<div class=\"elementor-widget-container\">\n\t\t\t\t\t\t\t<p>The administration cannot communicate with all students to address common issues related to operation and organization.<\/p><p>That&#8217;s why student representatives are elected at the beginning of each <strong>academic<\/strong> year. Two (2) students per class are elected, forming the Student Office (Bureau des \u00e9tudiants or <strong>BDE<\/strong>).<\/p>\t\t\t\t\t\t<\/div>\n\t\t\t\t<\/div>\n\t\t\t\t<div class=\"elementor-element elementor-element-37cfec7 elementor-widget elementor-widget-tm-heading\" data-id=\"37cfec7\" data-element_type=\"widget\" data-widget_type=\"tm-heading.default\">\n\t\t\t\t<div class=\"elementor-widget-container\">\n\t\t\t\t\t<div class=\"tm-modern-heading\">\n\t\t\t\n\t\t\t\t\t<div class=\"heading-primary-wrap\">\n\t\t\t<h3 class=\"heading-primary elementor-heading-title\">The responsibilities of the Student Office (Bureau des \u00e9tudiants or BDE)<\/h3>\t\t<\/div>\n\t\t\n\t\t\t\n\t\t\t\t\t<\/div>\n\t\t\t\t<\/div>\n\t\t\t\t<\/div>\n\t\t\t\t<div class=\"elementor-element elementor-element-15f832b elementor-widget elementor-widget-text-editor\" data-id=\"15f832b\" data-element_type=\"widget\" data-widget_type=\"text-editor.default\">\n\t\t\t\t<div class=\"elementor-widget-container\">\n\t\t\t\t\t\t\t<p>The <strong>Student Office (Bureau des \u00e9tudiants or BDE)<\/strong> and the clubs constitute one of the main interfaces between the student body and the administration. The elected members are tasked with providing positive and constructive guidance to their fellow students. They must undertake actions aimed at the general interest of the school, the well-being of the students, and actively contribute to creating a privileged space for teaching and synergy within the school.<\/p><p>The <strong>BDE<\/strong> is authorized, with the approval of the administration, to:<\/p><ul><li><strong>Create clubs<\/strong> to channel and nurture the scientific, technical, cultural, and sports skills of students.<\/li><li>Ensure the proper functioning of these clubs.<\/li><li>Collaborate with the administration for the smooth operation of the campus.<\/li><li>Assist the administration in enforcing the school&#8217;s code of conduct.<\/li><\/ul><p>The number and nature of clubs will be determined by the School Director.<\/p>\t\t\t\t\t\t<\/div>\n\t\t\t\t<\/div>\n\t\t\t\t\t<\/div>\n\t\t<\/div>\n\t\t\t\t\t<\/div>\n\t\t<\/section>\n\t\t\t\t<\/div>\n\t\t","protected":false},"excerpt":{"rendered":"<p>The student office The administration cannot communicate with all students to address common issues related to operation and organization. That&#8217;s why student representatives are elected at the beginning of each academic year. Two (2) students per class are elected, forming the Student Office (Bureau des \u00e9tudiants or BDE). The responsibilities of the Student Office (Bureau des \u00e9tudiants or BDE) The Student Office (Bureau des \u00e9tudiants or BDE) and the clubs constitute one of the main interfaces between the student body and the administration. The elected members are tasked with providing positive and constructive guidance to their fellow students. They must undertake actions aimed at the general interest of the school, the well-being of the students, and actively contribute to creating a privileged space for teaching and synergy within the school. The BDE is authorized, with the approval of the administration, to: Create clubs to channel and nurture the scientific, technical, cultural, and sports skills of students. Ensure the proper functioning of these clubs. Collaborate with the administration for the smooth operation of the campus. Assist the administration in enforcing the school&#8217;s code of conduct. The number and nature of clubs will be determined by the School Director.<\/p>\n","protected":false},"author":1,"featured_media":0,"parent":0,"menu_order":0,"comment_status":"closed","ping_status":"closed","template":"","meta":{"footnotes":""},"class_list":["post-15932","page","type-page","status-publish","hentry","post-no-thumbnail"],"acf":[],"_links":{"self":[{"href":"https:\/\/www.ehtp.ac.ma\/en\/wp-json\/wp\/v2\/pages\/15932","targetHints":{"allow":["GET"]}}],"collection":[{"href":"https:\/\/www.ehtp.ac.ma\/en\/wp-json\/wp\/v2\/pages"}],"about":[{"href":"https:\/\/www.ehtp.ac.ma\/en\/wp-json\/wp\/v2\/types\/page"}],"author":[{"embeddable":true,"href":"https:\/\/www.ehtp.ac.ma\/en\/wp-json\/wp\/v2\/users\/1"}],"replies":[{"embeddable":true,"href":"https:\/\/www.ehtp.ac.ma\/en\/wp-json\/wp\/v2\/comments?post=15932"}],"version-history":[{"count":3,"href":"https:\/\/www.ehtp.ac.ma\/en\/wp-json\/wp\/v2\/pages\/15932\/revisions"}],"predecessor-version":[{"id":18584,"href":"https:\/\/www.ehtp.ac.ma\/en\/wp-json\/wp\/v2\/pages\/15932\/revisions\/18584"}],"wp:attachment":[{"href":"https:\/\/www.ehtp.ac.ma\/en\/wp-json\/wp\/v2\/media?parent=15932"}],"curies":[{"name":"wp","href":"https:\/\/api.w.org\/{rel}","templated":true}]}}