{"id":15961,"date":"2022-03-15T02:39:27","date_gmt":"2022-03-15T01:39:27","guid":{"rendered":"http:\/\/rania.ma\/evenements\/"},"modified":"2022-12-02T16:48:12","modified_gmt":"2022-12-02T15:48:12","slug":"eventss","status":"publish","type":"page","link":"https:\/\/www.ehtp.ac.ma\/en\/eventss\/","title":{"rendered":"Events"},"content":{"rendered":"\t\t<div data-elementor-type=\"wp-page\" data-elementor-id=\"15961\" class=\"elementor elementor-15961 elementor-14586\">\n\t\t\t\t\t\t<section class=\"elementor-section elementor-top-section elementor-element elementor-element-3ddca23 elementor-section-boxed elementor-section-gap-beside-yes elementor-section-height-default elementor-section-height-default elementor-section-content-align-center elementor-section-column-vertical-align-stretch\" data-id=\"3ddca23\" data-element_type=\"section\">\n\t\t\t\t\t\t<div class=\"elementor-container elementor-column-gap-extended\">\n\t\t\t\t\t<div class=\"elementor-column elementor-col-100 elementor-top-column elementor-element elementor-element-d394958\" data-id=\"d394958\" data-element_type=\"column\">\n\t\t\t<div class=\"elementor-widget-wrap elementor-element-populated\">\n\t\t\t\t\t\t<div class=\"elementor-element elementor-element-64f6492 elementor-widget elementor-widget-tm-blog\" data-id=\"64f6492\" data-element_type=\"widget\" data-widget_type=\"tm-blog.default\">\n\t\t\t\t<div class=\"elementor-widget-container\">\n\t\t\t\t\t<div class=\"edumall-grid-wrapper edumall-blog edumall-blog-one-left-featured\" data-pagination=\"infinite\">\n\t\t\t\n\t\t\t\t\t\t\t\t<input type=\"hidden\"\n\t\t\t\t       class=\"edumall-query-input\" value=\"{&quot;source&quot;:&quot;custom_query&quot;,&quot;action&quot;:&quot;post_infinite_load&quot;,&quot;max_num_pages&quot;:2,&quot;found_posts&quot;:19,&quot;count&quot;:10,&quot;query_vars&quot;:{&quot;post_type&quot;:&quot;post&quot;,&quot;posts_per_page&quot;:10,&quot;orderby&quot;:&quot;date&quot;,&quot;order&quot;:&quot;DESC&quot;,&quot;post_status&quot;:&quot;publish&quot;,&quot;tax_query&quot;:[{&quot;taxonomy&quot;:&quot;category&quot;,&quot;field&quot;:&quot;slug&quot;,&quot;terms&quot;:[&quot;evenements&quot;]}],&quot;paged&quot;:1},&quot;settings&quot;:{&quot;layout&quot;:&quot;one-left-featured&quot;,&quot;read_more_text&quot;:&quot;Read More&quot;,&quot;overlay_meta_data&quot;:[],&quot;banners&quot;:null,&quot;grid_metro_layout&quot;:null,&quot;pagination_type&quot;:&quot;infinite&quot;,&quot;query_include&quot;:[&quot;terms&quot;],&quot;query_include_term_ids&quot;:[&quot;349&quot;],&quot;hover_effect&quot;:&quot;&quot;,&quot;show_thumbnail&quot;:null,&quot;show_caption&quot;:null,&quot;caption_style&quot;:&quot;01&quot;,&quot;show_caption_category&quot;:&quot;yes&quot;,&quot;show_caption_excerpt&quot;:&quot;yes&quot;,&quot;excerpt_length&quot;:&quot;&quot;,&quot;show_caption_read_more&quot;:&quot;yes&quot;,&quot;show_caption_share&quot;:&quot;&quot;,&quot;show_caption_meta&quot;:[&quot;date&quot;,&quot;views&quot;],&quot;show_overlay&quot;:null,&quot;overlay_style&quot;:&quot;float&quot;,&quot;show_overlay_category&quot;:&quot;yes&quot;,&quot;show_overlay_title&quot;:&quot;&quot;,&quot;metro_image_size_width&quot;:null,&quot;metro_image_ratio&quot;:null,&quot;thumbnail_default_size&quot;:&quot;1&quot;,&quot;thumbnail_size&quot;:null,&quot;thumbnail_custom_dimension&quot;:null,&quot;grid_columns&quot;:null,&quot;grid_gutter&quot;:null,&quot;pagination_custom_button_id&quot;:null,&quot;query_source&quot;:&quot;custom_query&quot;,&quot;query_include_authors&quot;:null,&quot;query_exclude&quot;:&quot;&quot;,&quot;query_exclude_term_ids&quot;:null,&quot;query_exclude_authors&quot;:null,&quot;query_number&quot;:&quot;&quot;,&quot;query_offset&quot;:&quot;&quot;,&quot;query_orderby&quot;:&quot;date&quot;,&quot;query_sort_meta_key&quot;:null,&quot;query_order&quot;:&quot;DESC&quot;,&quot;_title&quot;:&quot;&quot;,&quot;_element_width&quot;:&quot;&quot;,&quot;_element_width_tablet&quot;:&quot;&quot;,&quot;_element_width_mobile&quot;:&quot;&quot;,&quot;_position&quot;:&quot;&quot;,&quot;_element_id&quot;:&quot;&quot;,&quot;_css_classes&quot;:&quot;&quot;,&quot;motion_fx_motion_fx_scrolling&quot;:&quot;&quot;,&quot;motion_fx_translateY_effect&quot;:null,&quot;motion_fx_translateY_direction&quot;:null,&quot;motion_fx_translateY_speed&quot;:null,&quot;motion_fx_translateY_affectedRange&quot;:null,&quot;motion_fx_translateX_effect&quot;:null,&quot;motion_fx_translateX_direction&quot;:null,&quot;motion_fx_translateX_speed&quot;:null,&quot;motion_fx_translateX_affectedRange&quot;:null,&quot;motion_fx_opacity_effect&quot;:null,&quot;motion_fx_opacity_direction&quot;:null,&quot;motion_fx_opacity_level&quot;:null,&quot;motion_fx_opacity_range&quot;:null,&quot;motion_fx_blur_effect&quot;:null,&quot;motion_fx_blur_direction&quot;:null,&quot;motion_fx_blur_level&quot;:null,&quot;motion_fx_blur_range&quot;:null,&quot;motion_fx_rotateZ_effect&quot;:null,&quot;motion_fx_rotateZ_direction&quot;:null,&quot;motion_fx_rotateZ_speed&quot;:null,&quot;motion_fx_rotateZ_affectedRange&quot;:null,&quot;motion_fx_scale_effect&quot;:null,&quot;motion_fx_scale_direction&quot;:null,&quot;motion_fx_scale_speed&quot;:null,&quot;motion_fx_scale_range&quot;:null,&quot;motion_fx_devices&quot;:null,&quot;motion_fx_range&quot;:null,&quot;motion_fx_motion_fx_mouse&quot;:&quot;&quot;,&quot;motion_fx_mouseTrack_effect&quot;:null,&quot;motion_fx_mouseTrack_direction&quot;:null,&quot;motion_fx_mouseTrack_speed&quot;:null,&quot;motion_fx_tilt_effect&quot;:null,&quot;motion_fx_tilt_direction&quot;:null,&quot;motion_fx_tilt_speed&quot;:null,&quot;sticky&quot;:&quot;&quot;,&quot;sticky_on&quot;:null,&quot;sticky_offset&quot;:null,&quot;sticky_offset_tablet&quot;:null,&quot;sticky_offset_mobile&quot;:null,&quot;sticky_effects_offset&quot;:null,&quot;sticky_effects_offset_tablet&quot;:null,&quot;sticky_effects_offset_mobile&quot;:null,&quot;sticky_parent&quot;:null,&quot;_animation&quot;:&quot;&quot;,&quot;_animation_tablet&quot;:&quot;&quot;,&quot;_animation_mobile&quot;:&quot;&quot;,&quot;animation_duration&quot;:null,&quot;_animation_delay&quot;:null,&quot;_transform_rotate_popover&quot;:&quot;&quot;,&quot;_transform_rotateZ_effect&quot;:null,&quot;_transform_rotateZ_effect_tablet&quot;:null,&quot;_transform_rotateZ_effect_mobile&quot;:null,&quot;_transform_rotateX_effect&quot;:null,&quot;_transform_rotateX_effect_tablet&quot;:null,&quot;_transform_rotateX_effect_mobile&quot;:null,&quot;_transform_rotateY_effect&quot;:null,&quot;_transform_rotateY_effect_tablet&quot;:null,&quot;_transform_rotateY_effect_mobile&quot;:null,&quot;_transform_perspective_effect&quot;:null,&quot;_transform_perspective_effect_tablet&quot;:null,&quot;_transform_perspective_effect_mobile&quot;:null,&quot;_transform_translate_popover&quot;:&quot;&quot;,&quot;_transform_translateX_effect&quot;:null,&quot;_transform_translateX_effect_tablet&quot;:null,&quot;_transform_translateX_effect_mobile&quot;:null,&quot;_transform_translateY_effect&quot;:null,&quot;_transform_translateY_effect_tablet&quot;:null,&quot;_transform_translateY_effect_mobile&quot;:null,&quot;_transform_scale_popover&quot;:&quot;&quot;,&quot;_transform_keep_proportions&quot;:&quot;yes&quot;,&quot;_transform_scale_effect&quot;:null,&quot;_transform_scale_effect_tablet&quot;:null,&quot;_transform_scale_effect_mobile&quot;:null,&quot;_transform_scaleX_effect&quot;:null,&quot;_transform_scaleX_effect_tablet&quot;:null,&quot;_transform_scaleX_effect_mobile&quot;:null,&quot;_transform_scaleY_effect&quot;:null,&quot;_transform_scaleY_effect_tablet&quot;:null,&quot;_transform_scaleY_effect_mobile&quot;:null,&quot;_transform_skew_popover&quot;:&quot;&quot;,&quot;_transform_skewX_effect&quot;:null,&quot;_transform_skewX_effect_tablet&quot;:null,&quot;_transform_skewX_effect_mobile&quot;:null,&quot;_transform_skewY_effect&quot;:null,&quot;_transform_skewY_effect_tablet&quot;:null,&quot;_transform_skewY_effect_mobile&quot;:null,&quot;_transform_flipX_effect&quot;:&quot;&quot;,&quot;_transform_flipY_effect&quot;:&quot;&quot;,&quot;_transform_rotate_popover_hover&quot;:&quot;&quot;,&quot;_transform_rotateZ_effect_hover&quot;:null,&quot;_transform_rotateZ_effect_hover_tablet&quot;:null,&quot;_transform_rotateZ_effect_hover_mobile&quot;:null,&quot;_transform_rotateX_effect_hover&quot;:null,&quot;_transform_rotateX_effect_hover_tablet&quot;:null,&quot;_transform_rotateX_effect_hover_mobile&quot;:null,&quot;_transform_rotateY_effect_hover&quot;:null,&quot;_transform_rotateY_effect_hover_tablet&quot;:null,&quot;_transform_rotateY_effect_hover_mobile&quot;:null,&quot;_transform_perspective_effect_hover&quot;:null,&quot;_transform_perspective_effect_hover_tablet&quot;:null,&quot;_transform_perspective_effect_hover_mobile&quot;:null,&quot;_transform_translate_popover_hover&quot;:&quot;&quot;,&quot;_transform_translateX_effect_hover&quot;:null,&quot;_transform_translateX_effect_hover_tablet&quot;:null,&quot;_transform_translateX_effect_hover_mobile&quot;:null,&quot;_transform_translateY_effect_hover&quot;:null,&quot;_transform_translateY_effect_hover_tablet&quot;:null,&quot;_transform_translateY_effect_hover_mobile&quot;:null,&quot;_transform_scale_popover_hover&quot;:&quot;&quot;,&quot;_transform_keep_proportions_hover&quot;:&quot;yes&quot;,&quot;_transform_scale_effect_hover&quot;:null,&quot;_transform_scale_effect_hover_tablet&quot;:null,&quot;_transform_scale_effect_hover_mobile&quot;:null,&quot;_transform_scaleX_effect_hover&quot;:null,&quot;_transform_scaleX_effect_hover_tablet&quot;:null,&quot;_transform_scaleX_effect_hover_mobile&quot;:null,&quot;_transform_scaleY_effect_hover&quot;:null,&quot;_transform_scaleY_effect_hover_tablet&quot;:null,&quot;_transform_scaleY_effect_hover_mobile&quot;:null,&quot;_transform_skew_popover_hover&quot;:&quot;&quot;,&quot;_transform_skewX_effect_hover&quot;:null,&quot;_transform_skewX_effect_hover_tablet&quot;:null,&quot;_transform_skewX_effect_hover_mobile&quot;:null,&quot;_transform_skewY_effect_hover&quot;:null,&quot;_transform_skewY_effect_hover_tablet&quot;:null,&quot;_transform_skewY_effect_hover_mobile&quot;:null,&quot;_transform_flipX_effect_hover&quot;:&quot;&quot;,&quot;_transform_flipY_effect_hover&quot;:&quot;&quot;,&quot;_background_color&quot;:null,&quot;_background_color_b&quot;:null,&quot;_background_image&quot;:null,&quot;_background_video_link&quot;:null,&quot;_background_video_start&quot;:null,&quot;_background_video_end&quot;:null,&quot;_background_play_once&quot;:null,&quot;_background_play_on_mobile&quot;:null,&quot;_background_privacy_mode&quot;:null,&quot;_background_slideshow_gallery&quot;:null,&quot;_background_slideshow_loop&quot;:null,&quot;_background_slideshow_slide_duration&quot;:null,&quot;_background_slideshow_slide_transition&quot;:null,&quot;_background_slideshow_transition_duration&quot;:null,&quot;_background_slideshow_lazyload&quot;:null,&quot;_background_slideshow_ken_burns&quot;:null,&quot;_background_slideshow_ken_burns_zoom_direction&quot;:null,&quot;_background_hover_color&quot;:null,&quot;_background_hover_color_b&quot;:null,&quot;_background_hover_image&quot;:null,&quot;_background_hover_video_link&quot;:null,&quot;_background_hover_video_start&quot;:null,&quot;_background_hover_video_end&quot;:null,&quot;_background_hover_play_once&quot;:null,&quot;_background_hover_play_on_mobile&quot;:null,&quot;_background_hover_privacy_mode&quot;:null,&quot;_background_hover_slideshow_gallery&quot;:null,&quot;_background_hover_slideshow_loop&quot;:null,&quot;_background_hover_slideshow_slide_duration&quot;:null,&quot;_background_hover_slideshow_slide_transition&quot;:null,&quot;_background_hover_slideshow_transition_duration&quot;:null,&quot;_background_hover_slideshow_lazyload&quot;:null,&quot;_background_hover_slideshow_ken_burns&quot;:null,&quot;_background_hover_slideshow_ken_burns_zoom_direction&quot;:null,&quot;_mask_switch&quot;:&quot;&quot;,&quot;_mask_notice&quot;:null,&quot;hide_desktop&quot;:&quot;&quot;,&quot;hide_tablet&quot;:&quot;&quot;,&quot;hide_mobile&quot;:&quot;&quot;,&quot;_attributes&quot;:&quot;&quot;}}\"\/>\n\n\t\t\t\t<div class=\"edumall-grid\">\n\t\t\t\t\t\n\t\t\t\t\t\t\t\t<div class=\"grid-item featured-post post-23066 post type-post status-publish format-standard has-post-thumbnail hentry category-events\">\n\t\t\t<div class=\"edumall-box\">\n\t\t\t\t<div class=\"post-thumbnail-wrap\">\n\t\t\t\t\t<div class=\"post-feature post-thumbnail edumall-image\">\n\t\t\t\t\t\t<img decoding=\"async\"  src=\"https:\/\/www.ehtp.ac.ma\/wp-content\/uploads\/2025\/07\/0-800x800.jpg\" alt=\"0\" width=\"800\" \/>\t\t\t\t\t<\/div>\n\t\t\t\t<\/div>\n\t\t\t\t<div class=\"post-info\">\n\t\t\t\t\t\t\t\t<div class=\"post-categories\">\n\t\t\t\t<a href=\"https:\/\/www.ehtp.ac.ma\/en\/category\/events\/\" rel=\"category tag\"><span>Events<\/span><\/a>\t\t\t<\/div>\n\t\t\t\n\t\t\t\t\t<h3 class=\"post-title\">\n\t\t\t\t\t\t<a href=\"https:\/\/www.ehtp.ac.ma\/en\/ceremonie-de-diplomation-et-de-remise-des-prix-dexcellence-des-laureats-de-la-51eme-promotion-de-lecole-hassania-des-travaux-publics\/\">C\u00e9r\u00e9monie de diplomation et de remise des prix d\u2019excellence des laur\u00e9ats de la 51\u00e8me promotion de l\u2019Ecole Hassania des Travaux Publics<\/a>\n\t\t\t\t\t<\/h3>\n\t\t\t\t<\/div>\n\t\t\t<\/div>\n\t\t<\/div>\n\t\t\t\t\t<div class=\"grid-item normal-post post-22885 post type-post status-publish format-standard has-post-thumbnail hentry category-events\">\n\t\t\t<div class=\"edumall-box\">\n\t\t\t\t<div class=\"post-thumbnail-wrap\">\n\t\t\t\t\t<div class=\"post-feature post-thumbnail edumall-image\">\n\t\t\t\t\t\t<a href=\"https:\/\/www.ehtp.ac.ma\/en\/communique-de-presse-organisation-de-la-28eme-edition-du-forum-ehtp-entreprises\/\" class=\"link-secret\">\n\t\t\t\t\t\t\t<img decoding=\"async\"  src=\"https:\/\/www.ehtp.ac.ma\/wp-content\/uploads\/2025\/04\/la-28eme-edition-du-Forum-EHTP-Entreprises-1-scaled-480x298.jpg\" alt=\"la 28\u00e8me \u00e9dition du Forum EHTP-Entreprises-1\" width=\"480\" \/>\t\t\t\t\t\t<\/a>\n\t\t\t\t\t<\/div>\n\t\t\t\t<\/div>\n\t\t\t\t<div class=\"post-info\">\n\t\t\t\t\t\t\t\t<div class=\"post-categories\">\n\t\t\t\t<a href=\"https:\/\/www.ehtp.ac.ma\/en\/category\/events\/\" rel=\"category tag\"><span>Events<\/span><\/a>\t\t\t<\/div>\n\t\t\t\n\t\t\t\t\t<h3 class=\"post-title\">\n\t\t\t\t\t\t<a href=\"https:\/\/www.ehtp.ac.ma\/en\/communique-de-presse-organisation-de-la-28eme-edition-du-forum-ehtp-entreprises\/\">Communiqu\u00e9 de presse  Organisation de la 28\u00e8me \u00e9dition du Forum EHTP-Entreprises<\/a>\n\t\t\t\t\t<\/h3>\n\t\t\t\t<\/div>\n\t\t\t<\/div>\n\t\t<\/div>\n\t\t\t\t\t<div class=\"grid-item normal-post post-22040 post type-post status-publish format-standard has-post-thumbnail hentry category-events\">\n\t\t\t<div class=\"edumall-box\">\n\t\t\t\t<div class=\"post-thumbnail-wrap\">\n\t\t\t\t\t<div class=\"post-feature post-thumbnail edumall-image\">\n\t\t\t\t\t\t<a href=\"https:\/\/www.ehtp.ac.ma\/en\/graduation-ceremony-and-presentation-of-excellence-awards-for-the-laureates-of-the-50th-class-of-the-hassania-school-of-public-works\/\" class=\"link-secret\">\n\t\t\t\t\t\t\t<img decoding=\"async\"  src=\"https:\/\/www.ehtp.ac.ma\/wp-content\/uploads\/2024\/12\/Ceremoniediplomationremise_des_prix_dexcellence_des_laureatsla50emepromotion-1-scaled-480x298.jpg\" alt=\"Ce\u0301re\u0301moniediplo\u0302mationremise_des_prix_dexcellence_des_laure\u0301atsla50e\u0300mepromotion-1\" width=\"480\" \/>\t\t\t\t\t\t<\/a>\n\t\t\t\t\t<\/div>\n\t\t\t\t<\/div>\n\t\t\t\t<div class=\"post-info\">\n\t\t\t\t\t\t\t\t<div class=\"post-categories\">\n\t\t\t\t<a href=\"https:\/\/www.ehtp.ac.ma\/en\/category\/events\/\" rel=\"category tag\"><span>Events<\/span><\/a>\t\t\t<\/div>\n\t\t\t\n\t\t\t\t\t<h3 class=\"post-title\">\n\t\t\t\t\t\t<a href=\"https:\/\/www.ehtp.ac.ma\/en\/graduation-ceremony-and-presentation-of-excellence-awards-for-the-laureates-of-the-50th-class-of-the-hassania-school-of-public-works\/\">Graduation ceremony and presentation of excellence awards for the laureates of the 50th class of the Hassania School of Public Works<\/a>\n\t\t\t\t\t<\/h3>\n\t\t\t\t<\/div>\n\t\t\t<\/div>\n\t\t<\/div>\n\t\t\t\t\t<div class=\"grid-item normal-post post-22044 post type-post status-publish format-standard has-post-thumbnail hentry category-events category-news\">\n\t\t\t<div class=\"edumall-box\">\n\t\t\t\t<div class=\"post-thumbnail-wrap\">\n\t\t\t\t\t<div class=\"post-feature post-thumbnail edumall-image\">\n\t\t\t\t\t\t<a href=\"https:\/\/www.ehtp.ac.ma\/en\/press-release-organization-of-the-27th-edition-of-the-ehtp-entreprises-forum\/\" class=\"link-secret\">\n\t\t\t\t\t\t\t<img decoding=\"async\"  src=\"https:\/\/www.ehtp.ac.ma\/wp-content\/uploads\/2024\/12\/Communique_de_presse_Organisation_de_la_27eme_edition_du_Forum_EHTP-Entreprises-480x298.png\" alt=\"Communique\u0301_de_presse_Organisation_de_la_27e\u0300me_e\u0301dition_du_Forum_EHTP-Entreprises\" width=\"480\" \/>\t\t\t\t\t\t<\/a>\n\t\t\t\t\t<\/div>\n\t\t\t\t<\/div>\n\t\t\t\t<div class=\"post-info\">\n\t\t\t\t\t\t\t\t<div class=\"post-categories\">\n\t\t\t\t<a href=\"https:\/\/www.ehtp.ac.ma\/en\/category\/events\/\" rel=\"category tag\"><span>Events<\/span><\/a>\t\t\t<\/div>\n\t\t\t\n\t\t\t\t\t<h3 class=\"post-title\">\n\t\t\t\t\t\t<a href=\"https:\/\/www.ehtp.ac.ma\/en\/press-release-organization-of-the-27th-edition-of-the-ehtp-entreprises-forum\/\">Press release Organization of the 27th edition of the EHTP-Entreprises Forum<\/a>\n\t\t\t\t\t<\/h3>\n\t\t\t\t<\/div>\n\t\t\t<\/div>\n\t\t<\/div>\n\t\t\t\t\t<div class=\"grid-item normal-post post-22150 post type-post status-publish format-standard has-post-thumbnail hentry category-events category-news\">\n\t\t\t<div class=\"edumall-box\">\n\t\t\t\t<div class=\"post-thumbnail-wrap\">\n\t\t\t\t\t<div class=\"post-feature post-thumbnail edumall-image\">\n\t\t\t\t\t\t<a href=\"https:\/\/www.ehtp.ac.ma\/en\/scientific-day-of-april-24-2024\/\" class=\"link-secret\">\n\t\t\t\t\t\t\t<img decoding=\"async\"  src=\"https:\/\/www.ehtp.ac.ma\/wp-content\/uploads\/2024\/12\/journee_scientifique_avril_2024_1-scaled-480x298.jpg\" alt=\"journe\u0301e_scientifique_avril_2024_1\" width=\"480\" \/>\t\t\t\t\t\t<\/a>\n\t\t\t\t\t<\/div>\n\t\t\t\t<\/div>\n\t\t\t\t<div class=\"post-info\">\n\t\t\t\t\t\t\t\t<div class=\"post-categories\">\n\t\t\t\t<a href=\"https:\/\/www.ehtp.ac.ma\/en\/category\/events\/\" rel=\"category tag\"><span>Events<\/span><\/a>\t\t\t<\/div>\n\t\t\t\n\t\t\t\t\t<h3 class=\"post-title\">\n\t\t\t\t\t\t<a href=\"https:\/\/www.ehtp.ac.ma\/en\/scientific-day-of-april-24-2024\/\">Scientific day of April 24, 2024<\/a>\n\t\t\t\t\t<\/h3>\n\t\t\t\t<\/div>\n\t\t\t<\/div>\n\t\t<\/div>\n\t\t\t\t\t<div class=\"grid-item normal-post post-22148 post type-post status-publish format-standard has-post-thumbnail hentry category-events category-news\">\n\t\t\t<div class=\"edumall-box\">\n\t\t\t\t<div class=\"post-thumbnail-wrap\">\n\t\t\t\t\t<div class=\"post-feature post-thumbnail edumall-image\">\n\t\t\t\t\t\t<a href=\"https:\/\/www.ehtp.ac.ma\/en\/ehtp-olympics-2024\/\" class=\"link-secret\">\n\t\t\t\t\t\t\t<img decoding=\"async\"  src=\"https:\/\/www.ehtp.ac.ma\/wp-content\/uploads\/2024\/12\/collage_olympiade_2024_1-scaled-480x298.jpg\" alt=\"collage_olympiade_2024_1\" width=\"480\" \/>\t\t\t\t\t\t<\/a>\n\t\t\t\t\t<\/div>\n\t\t\t\t<\/div>\n\t\t\t\t<div class=\"post-info\">\n\t\t\t\t\t\t\t\t<div class=\"post-categories\">\n\t\t\t\t<a href=\"https:\/\/www.ehtp.ac.ma\/en\/category\/events\/\" rel=\"category tag\"><span>Events<\/span><\/a>\t\t\t<\/div>\n\t\t\t\n\t\t\t\t\t<h3 class=\"post-title\">\n\t\t\t\t\t\t<a href=\"https:\/\/www.ehtp.ac.ma\/en\/ehtp-olympics-2024\/\">EHTP Olympics 2024<\/a>\n\t\t\t\t\t<\/h3>\n\t\t\t\t<\/div>\n\t\t\t<\/div>\n\t\t<\/div>\n\t\t\t\t\t<div class=\"grid-item normal-post post-19222 post type-post status-publish format-standard has-post-thumbnail hentry category-events category-news\">\n\t\t\t<div class=\"edumall-box\">\n\t\t\t\t<div class=\"post-thumbnail-wrap\">\n\t\t\t\t\t<div class=\"post-feature post-thumbnail edumall-image\">\n\t\t\t\t\t\t<a href=\"https:\/\/www.ehtp.ac.ma\/en\/opening-conference-of-the-ehtp-conference-series-for-the-academic-year-2023-2024-under-the-theme-establishing-technological-sovereignty-and-strengthening-technical-mastery-in-morocco-hosted-by-m\/\" class=\"link-secret\">\n\t\t\t\t\t\t\t<img decoding=\"async\"  src=\"https:\/\/www.ehtp.ac.ma\/wp-content\/uploads\/2023\/12\/403634212_363428459494003_7861802489840189933_n-480x298.jpg\" alt=\"403634212_363428459494003_7861802489840189933_n\" width=\"480\" \/>\t\t\t\t\t\t<\/a>\n\t\t\t\t\t<\/div>\n\t\t\t\t<\/div>\n\t\t\t\t<div class=\"post-info\">\n\t\t\t\t\t\t\t\t<div class=\"post-categories\">\n\t\t\t\t<a href=\"https:\/\/www.ehtp.ac.ma\/en\/category\/events\/\" rel=\"category tag\"><span>Events<\/span><\/a>\t\t\t<\/div>\n\t\t\t\n\t\t\t\t\t<h3 class=\"post-title\">\n\t\t\t\t\t\t<a href=\"https:\/\/www.ehtp.ac.ma\/en\/opening-conference-of-the-ehtp-conference-series-for-the-academic-year-2023-2024-under-the-theme-establishing-technological-sovereignty-and-strengthening-technical-mastery-in-morocco-hosted-by-m\/\">Opening conference of the EHTP conference series for the academic year 2023-2024 under the theme: &#8220;Establishing Technological Sovereignty and Strengthening Technical Mastery in Morocco,&#8221; hosted by Mr. Nizar BARAKA, Minister of Equipment and Water.<\/a>\n\t\t\t\t\t<\/h3>\n\t\t\t\t<\/div>\n\t\t\t<\/div>\n\t\t<\/div>\n\t\t\t\t\t<div class=\"grid-item normal-post post-19224 post type-post status-publish format-standard has-post-thumbnail hentry category-events category-news\">\n\t\t\t<div class=\"edumall-box\">\n\t\t\t\t<div class=\"post-thumbnail-wrap\">\n\t\t\t\t\t<div class=\"post-feature post-thumbnail edumall-image\">\n\t\t\t\t\t\t<a href=\"https:\/\/www.ehtp.ac.ma\/en\/graduation-and-excellence-awards-ceremony-of-the-49th-promotion-of-the-hassania-school-of-public-works-ehtp\/\" class=\"link-secret\">\n\t\t\t\t\t\t\t<img decoding=\"async\"  src=\"https:\/\/www.ehtp.ac.ma\/wp-content\/uploads\/2023\/12\/DSC_9506-1-480x298.jpg\" alt=\"DSC_9506\" width=\"480\" \/>\t\t\t\t\t\t<\/a>\n\t\t\t\t\t<\/div>\n\t\t\t\t<\/div>\n\t\t\t\t<div class=\"post-info\">\n\t\t\t\t\t\t\t\t<div class=\"post-categories\">\n\t\t\t\t<a href=\"https:\/\/www.ehtp.ac.ma\/en\/category\/events\/\" rel=\"category tag\"><span>Events<\/span><\/a>\t\t\t<\/div>\n\t\t\t\n\t\t\t\t\t<h3 class=\"post-title\">\n\t\t\t\t\t\t<a href=\"https:\/\/www.ehtp.ac.ma\/en\/graduation-and-excellence-awards-ceremony-of-the-49th-promotion-of-the-hassania-school-of-public-works-ehtp\/\">Graduation and Excellence Awards Ceremony of the 49th promotion of the Hassania School of Public Works (EHTP).<\/a>\n\t\t\t\t\t<\/h3>\n\t\t\t\t<\/div>\n\t\t\t<\/div>\n\t\t<\/div>\n\t\t\t\t\t<div class=\"grid-item normal-post post-19821 post type-post status-publish format-standard has-post-thumbnail hentry category-events\">\n\t\t\t<div class=\"edumall-box\">\n\t\t\t\t<div class=\"post-thumbnail-wrap\">\n\t\t\t\t\t<div class=\"post-feature post-thumbnail edumall-image\">\n\t\t\t\t\t\t<a href=\"https:\/\/www.ehtp.ac.ma\/en\/organization-of-the-2023-olympiads-at-ehtp\/\" class=\"link-secret\">\n\t\t\t\t\t\t\t<img decoding=\"async\"  src=\"https:\/\/www.ehtp.ac.ma\/wp-content\/uploads\/2023\/12\/WhatsApp-Image-2023-12-19-at-15.17.11-480x298.jpeg\" alt=\"WhatsApp Image 2023-12-19 at 15.17.11\" width=\"480\" \/>\t\t\t\t\t\t<\/a>\n\t\t\t\t\t<\/div>\n\t\t\t\t<\/div>\n\t\t\t\t<div class=\"post-info\">\n\t\t\t\t\t\t\t\t<div class=\"post-categories\">\n\t\t\t\t<a href=\"https:\/\/www.ehtp.ac.ma\/en\/category\/events\/\" rel=\"category tag\"><span>Events<\/span><\/a>\t\t\t<\/div>\n\t\t\t\n\t\t\t\t\t<h3 class=\"post-title\">\n\t\t\t\t\t\t<a href=\"https:\/\/www.ehtp.ac.ma\/en\/organization-of-the-2023-olympiads-at-ehtp\/\">Organization of the 2023 Olympiads at EHTP.<\/a>\n\t\t\t\t\t<\/h3>\n\t\t\t\t<\/div>\n\t\t\t<\/div>\n\t\t<\/div>\n\t\t\t\t\t<div class=\"grid-item normal-post post-19763 post type-post status-publish format-standard has-post-thumbnail hentry category-events\">\n\t\t\t<div class=\"edumall-box\">\n\t\t\t\t<div class=\"post-thumbnail-wrap\">\n\t\t\t\t\t<div class=\"post-feature post-thumbnail edumall-image\">\n\t\t\t\t\t\t<a href=\"https:\/\/www.ehtp.ac.ma\/en\/organization-of-the-26th-edition-of-the-ehtp-companies-forum\/\" class=\"link-secret\">\n\t\t\t\t\t\t\t<img decoding=\"async\"  src=\"https:\/\/www.ehtp.ac.ma\/wp-content\/uploads\/2023\/12\/WhatsApp-Image-2023-12-19-at-11.53.32-480x298.jpeg\" alt=\"WhatsApp Image 2023-12-19 at 11.53.32\" width=\"480\" \/>\t\t\t\t\t\t<\/a>\n\t\t\t\t\t<\/div>\n\t\t\t\t<\/div>\n\t\t\t\t<div class=\"post-info\">\n\t\t\t\t\t\t\t\t<div class=\"post-categories\">\n\t\t\t\t<a href=\"https:\/\/www.ehtp.ac.ma\/en\/category\/events\/\" rel=\"category tag\"><span>Events<\/span><\/a>\t\t\t<\/div>\n\t\t\t\n\t\t\t\t\t<h3 class=\"post-title\">\n\t\t\t\t\t\t<a href=\"https:\/\/www.ehtp.ac.ma\/en\/organization-of-the-26th-edition-of-the-ehtp-companies-forum\/\">Organization of the 26th edition of the EHTP-Companies Forum<\/a>\n\t\t\t\t\t<\/h3>\n\t\t\t\t<\/div>\n\t\t\t<\/div>\n\t\t<\/div>\n\t\t\t\t\t\t<\/div>\n\n\t\t\t\t\t\t\t<div class=\"edumall-grid-pagination\">\n\t\t\t\t<div class=\"pagination-wrapper\">\n\n\t\t\t\t\t\t\t\t\t\t\t<div class=\"inner\">\n\t\t\t\t\t\t\t<div class=\"edumall-infinite-loader\">\n\t\t\t\t\t\t\t\t<div class=\"sk-wrap sk-circle\">\n\t<div class=\"sk-circle1 sk-child\"><\/div>\n\t<div class=\"sk-circle2 sk-child\"><\/div>\n\t<div class=\"sk-circle3 sk-child\"><\/div>\n\t<div class=\"sk-circle4 sk-child\"><\/div>\n\t<div class=\"sk-circle5 sk-child\"><\/div>\n\t<div class=\"sk-circle6 sk-child\"><\/div>\n\t<div class=\"sk-circle7 sk-child\"><\/div>\n\t<div class=\"sk-circle8 sk-child\"><\/div>\n\t<div class=\"sk-circle9 sk-child\"><\/div>\n\t<div class=\"sk-circle10 sk-child\"><\/div>\n\t<div class=\"sk-circle11 sk-child\"><\/div>\n\t<div class=\"sk-circle12 sk-child\"><\/div>\n<\/div>\n\t\t\t\t\t\t\t<\/div>\n\t\t\t\t\t\t<\/div>\n\n\t\t\t\t\t\t<div class=\"inner\">\n\t\t\t\t\t\t\t\t\t\t\t\t\t<\/div>\n\t\t\t\t\t\n\t\t\t\t<\/div>\n\t\t\t<\/div>\n\t\t\t<div class=\"edumall-grid-messages\" style=\"display: none;\">\n\t\t\t\tAll items displayed.\t\t\t<\/div>\n\t\t\t\n\t\t\t\t\t\t\t\t\t<\/div>\n\t\t\t\t<\/div>\n\t\t\t\t<\/div>\n\t\t\t\t\t<\/div>\n\t\t<\/div>\n\t\t\t\t\t<\/div>\n\t\t<\/section>\n\t\t\t\t<\/div>\n\t\t","protected":false},"excerpt":{"rendered":"<p>\u00c9venements Le HOLDING AL OMRANE et le CNRST signent une convention pour le financement d\u2019un projet de recherche de l\u2019Ecole Hassania des Travaux Publics \u00c9venements 23\u00e8me \u00e9dition du Forum EHTP-Entreprises<\/p>\n","protected":false},"author":1,"featured_media":0,"parent":0,"menu_order":0,"comment_status":"closed","ping_status":"closed","template":"","meta":{"footnotes":""},"class_list":["post-15961","page","type-page","status-publish","hentry"],"acf":[],"_links":{"self":[{"href":"https:\/\/www.ehtp.ac.ma\/en\/wp-json\/wp\/v2\/pages\/15961","targetHints":{"allow":["GET"]}}],"collection":[{"href":"https:\/\/www.ehtp.ac.ma\/en\/wp-json\/wp\/v2\/pages"}],"about":[{"href":"https:\/\/www.ehtp.ac.ma\/en\/wp-json\/wp\/v2\/types\/page"}],"author":[{"embeddable":true,"href":"https:\/\/www.ehtp.ac.ma\/en\/wp-json\/wp\/v2\/users\/1"}],"replies":[{"embeddable":true,"href":"https:\/\/www.ehtp.ac.ma\/en\/wp-json\/wp\/v2\/comments?post=15961"}],"version-history":[{"count":1,"href":"https:\/\/www.ehtp.ac.ma\/en\/wp-json\/wp\/v2\/pages\/15961\/revisions"}],"predecessor-version":[{"id":16393,"href":"https:\/\/www.ehtp.ac.ma\/en\/wp-json\/wp\/v2\/pages\/15961\/revisions\/16393"}],"wp:attachment":[{"href":"https:\/\/www.ehtp.ac.ma\/en\/wp-json\/wp\/v2\/media?parent=15961"}],"curies":[{"name":"wp","href":"https:\/\/api.w.org\/{rel}","templated":true}]}}