{"id":15972,"date":"2022-02-02T10:06:37","date_gmt":"2022-02-02T09:06:37","guid":{"rendered":"http:\/\/rania.ma\/filieres\/genie-informatique\/"},"modified":"2024-01-10T13:43:58","modified_gmt":"2024-01-10T12:43:58","slug":"it-engineering","status":"publish","type":"page","link":"https:\/\/www.ehtp.ac.ma\/en\/sections\/it-engineering\/","title":{"rendered":"IT Engineering"},"content":{"rendered":"\t\t<div data-elementor-type=\"wp-page\" data-elementor-id=\"15972\" class=\"elementor elementor-15972 elementor-12625\">\n\t\t\t\t\t\t<section class=\"elementor-section elementor-top-section elementor-element elementor-element-3155fd44 elementor-section-boxed elementor-section-gap-beside-yes elementor-section-height-default elementor-section-height-default elementor-section-content-align-center elementor-section-column-vertical-align-stretch\" data-id=\"3155fd44\" data-element_type=\"section\">\n\t\t\t\t\t\t<div class=\"elementor-container elementor-column-gap-extended\">\n\t\t\t\t\t<div class=\"elementor-column elementor-col-100 elementor-top-column elementor-element elementor-element-56415404\" data-id=\"56415404\" data-element_type=\"column\">\n\t\t\t<div class=\"elementor-widget-wrap elementor-element-populated\">\n\t\t\t\t\t\t<div class=\"elementor-element elementor-element-a1905d5 elementor-widget elementor-widget-tm-heading\" data-id=\"a1905d5\" data-element_type=\"widget\" data-widget_type=\"tm-heading.default\">\n\t\t\t\t<div class=\"elementor-widget-container\">\n\t\t\t\t\t<div class=\"tm-modern-heading\">\n\t\t\t\n\t\t\t\t\t<div class=\"heading-primary-wrap\">\n\t\t\t<h3 class=\"heading-primary elementor-heading-title\">The Computer Engineering program<\/h3>\t\t<\/div>\n\t\t\n\t\t\t\n\t\t\t\t\t<\/div>\n\t\t\t\t<\/div>\n\t\t\t\t<\/div>\n\t\t\t\t<div class=\"elementor-element elementor-element-ec3c49d elementor-widget elementor-widget-tm-heading\" data-id=\"ec3c49d\" data-element_type=\"widget\" data-widget_type=\"tm-heading.default\">\n\t\t\t\t<div class=\"elementor-widget-container\">\n\t\t\t\t\t<div class=\"tm-modern-heading\">\n\t\t\t\n\t\t\t\t\t<div class=\"heading-primary-wrap\">\n\t\t\t<h4 class=\"heading-primary elementor-heading-title\">Department: Mathematics, Computer Science, and Geomatics<\/h4>\t\t<\/div>\n\t\t\n\t\t\t\n\t\t\t\t\t<\/div>\n\t\t\t\t<\/div>\n\t\t\t\t<\/div>\n\t\t\t\t<div class=\"elementor-element elementor-element-1a9898f elementor-widget elementor-widget-tm-heading\" data-id=\"1a9898f\" data-element_type=\"widget\" data-widget_type=\"tm-heading.default\">\n\t\t\t\t<div class=\"elementor-widget-container\">\n\t\t\t\t\t<div class=\"tm-modern-heading\">\n\t\t\t\n\t\t\t\t\t<div class=\"heading-primary-wrap\">\n\t\t\t<h4 class=\"heading-primary elementor-heading-title\">Specialization: Software Engineering, Databases and Information Systems, Systems and Networks, IT Management<\/h4>\t\t<\/div>\n\t\t\n\t\t\t\n\t\t\t\t\t<\/div>\n\t\t\t\t<\/div>\n\t\t\t\t<\/div>\n\t\t\t\t<section class=\"elementor-section elementor-inner-section elementor-element elementor-element-18118fc elementor-section-boxed elementor-section-gap-beside-yes elementor-section-height-default elementor-section-height-default elementor-section-column-vertical-align-stretch\" data-id=\"18118fc\" data-element_type=\"section\" data-settings=\"{&quot;background_background&quot;:&quot;classic&quot;}\">\n\t\t\t\t\t\t<div class=\"elementor-container elementor-column-gap-extended\">\n\t\t\t\t\t<div class=\"elementor-column elementor-col-50 elementor-inner-column elementor-element elementor-element-49a1aab\" data-id=\"49a1aab\" data-element_type=\"column\">\n\t\t\t<div class=\"elementor-widget-wrap elementor-element-populated\">\n\t\t\t\t\t\t<div class=\"elementor-element elementor-element-40b6fe0 elementor-widget elementor-widget-image\" data-id=\"40b6fe0\" data-element_type=\"widget\" data-widget_type=\"image.default\">\n\t\t\t\t<div class=\"elementor-widget-container\">\n\t\t\t\t\t\t\t\t\t\t\t\t\t<img fetchpriority=\"high\" decoding=\"async\" width=\"640\" height=\"640\" src=\"https:\/\/www.ehtp.ac.ma\/wp-content\/uploads\/2022\/03\/sillouette-user.png\" class=\"attachment-large size-large wp-image-14725\" alt=\"\" srcset=\"https:\/\/www.ehtp.ac.ma\/wp-content\/uploads\/2022\/03\/sillouette-user.png 900w, https:\/\/www.ehtp.ac.ma\/wp-content\/uploads\/2022\/03\/sillouette-user-300x300.png 300w, https:\/\/www.ehtp.ac.ma\/wp-content\/uploads\/2022\/03\/sillouette-user-150x150.png 150w, https:\/\/www.ehtp.ac.ma\/wp-content\/uploads\/2022\/03\/sillouette-user-768x768.png 768w, https:\/\/www.ehtp.ac.ma\/wp-content\/uploads\/2022\/03\/sillouette-user-80x80.png 80w, https:\/\/www.ehtp.ac.ma\/wp-content\/uploads\/2022\/03\/sillouette-user-400x400.png 400w, https:\/\/www.ehtp.ac.ma\/wp-content\/uploads\/2022\/03\/sillouette-user-600x600.png 600w, https:\/\/www.ehtp.ac.ma\/wp-content\/uploads\/2022\/03\/sillouette-user-100x100.png 100w\" sizes=\"(max-width: 640px) 100vw, 640px\" \/>\t\t\t\t\t\t\t\t\t\t\t\t\t<\/div>\n\t\t\t\t<\/div>\n\t\t\t\t\t<\/div>\n\t\t<\/div>\n\t\t\t\t<div class=\"elementor-column elementor-col-50 elementor-inner-column elementor-element elementor-element-affab9f\" data-id=\"affab9f\" data-element_type=\"column\">\n\t\t\t<div class=\"elementor-widget-wrap elementor-element-populated\">\n\t\t\t\t\t\t<div class=\"elementor-element elementor-element-16239af elementor-widget elementor-widget-tm-heading\" data-id=\"16239af\" data-element_type=\"widget\" data-widget_type=\"tm-heading.default\">\n\t\t\t\t<div class=\"elementor-widget-container\">\n\t\t\t\t\t<div class=\"tm-modern-heading\">\n\t\t\t\n\t\t\t\t\t<div class=\"heading-primary-wrap\">\n\t\t\t<h5 class=\"heading-primary elementor-heading-title\">Pedagogic Sector Coordinator<\/h5>\t\t<\/div>\n\t\t\n\t\t\t\n\t\t\t\t\t<\/div>\n\t\t\t\t<\/div>\n\t\t\t\t<\/div>\n\t\t\t\t<div class=\"elementor-element elementor-element-f6788fd elementor-widget elementor-widget-tm-heading\" data-id=\"f6788fd\" data-element_type=\"widget\" data-widget_type=\"tm-heading.default\">\n\t\t\t\t<div class=\"elementor-widget-container\">\n\t\t\t\t\t<div class=\"tm-modern-heading\">\n\t\t\t\n\t\t\t\t\t<div class=\"heading-primary-wrap\">\n\t\t\t<h5 class=\"heading-primary elementor-heading-title\">Last name & first name: RGHIOUI ANASS<br>\nEmail: a.rghioui@www.ehtp.ac.ma<br><\/h5>\t\t<\/div>\n\t\t\n\t\t\t\n\t\t\t\t\t<\/div>\n\t\t\t\t<\/div>\n\t\t\t\t<\/div>\n\t\t\t\t\t<\/div>\n\t\t<\/div>\n\t\t\t\t\t<\/div>\n\t\t<\/section>\n\t\t\t\t<div class=\"elementor-element elementor-element-79c223dc elementor-widget elementor-widget-text-editor\" data-id=\"79c223dc\" data-element_type=\"widget\" data-widget_type=\"text-editor.default\">\n\t\t\t\t<div class=\"elementor-widget-container\">\n\t\t\t\t\t\t\t<p>This program is designed to train computer engineers capable of working in various fields of information technology and communication.<\/p><p>The engineers thus trained are generalists in computer science. They possess strong methodological and technical foundations that enable them to develop a set of skills that align with the evolution of technology and the socio-economic landscape. These skills are adaptable to the requirements of jobs and the characteristics of individuals. By avoiding strong specialization, this curriculum facilitates their integration into the professional environment and provides them with the best possible career development.<\/p>\t\t\t\t\t\t<\/div>\n\t\t\t\t<\/div>\n\t\t\t\t<div class=\"elementor-element elementor-element-2a1e54a elementor-widget elementor-widget-toggle\" data-id=\"2a1e54a\" data-element_type=\"widget\" data-widget_type=\"toggle.default\">\n\t\t\t\t<div class=\"elementor-widget-container\">\n\t\t\t\t\t<div class=\"elementor-toggle\">\n\t\t\t\t\t\t\t<div class=\"elementor-toggle-item\">\n\t\t\t\t\t<div id=\"elementor-tab-title-4411\" class=\"elementor-tab-title\" data-tab=\"1\" role=\"button\" aria-controls=\"elementor-tab-content-4411\" aria-expanded=\"false\">\n\t\t\t\t\t\t\t\t\t\t\t\t<span class=\"elementor-toggle-icon elementor-toggle-icon-left\" aria-hidden=\"true\">\n\t\t\t\t\t\t\t\t\t\t\t\t\t\t\t<span class=\"elementor-toggle-icon-closed\"><i class=\"fas fa-angle-down\"><\/i><\/span>\n\t\t\t\t\t\t\t\t<span class=\"elementor-toggle-icon-opened\"><i class=\"elementor-toggle-icon-opened fas fa-angle-up\"><\/i><\/span>\n\t\t\t\t\t\t\t\t\t\t\t\t\t<\/span>\n\t\t\t\t\t\t\t\t\t\t\t\t<a class=\"elementor-toggle-title\" tabindex=\"0\">Training Objectives<\/a>\n\t\t\t\t\t<\/div>\n\n\t\t\t\t\t<div id=\"elementor-tab-content-4411\" class=\"elementor-tab-content elementor-clearfix\" data-tab=\"1\" role=\"region\" aria-labelledby=\"elementor-tab-title-4411\"><div class=\"flex-shrink-0 flex flex-col relative items-end\"><div><div class=\"pt-0.5\"><div class=\"gizmo-shadow-stroke flex h-6 w-6 items-center justify-center overflow-hidden rounded-full\"><div class=\"relative p-1 rounded-sm h-9 w-9 text-white flex items-center justify-center\"><span style=\"color: var(--edumall-color-text); font-family: var(--edumall-typography-body-font-family); font-size: var(--edumall-typography-body-font-size); font-weight: var(--edumall-typography-body-font-weight); letter-spacing: var(--edumall-typography-body-letter-spacing);\">Provide the engineer with:<\/span><\/div><\/div><\/div><\/div><\/div><div class=\"relative flex w-full flex-col lg:w-[calc(100%-115px)] agent-turn\"><div class=\"flex-col gap-1 md:gap-3\"><div class=\"flex flex-grow flex-col max-w-full\"><div class=\"min-h-[20px] text-message flex flex-col items-start gap-3 whitespace-pre-wrap break-words [.text-message+&amp;]:mt-5 overflow-x-auto\" data-message-author-role=\"assistant\" data-message-id=\"36e67fa3-1868-44c9-b943-1187534185bd\"><div class=\"markdown prose w-full break-words dark:prose-invert dark\"><ul><li><p>A solid foundation in computer science with good methodological and technical knowledge tailored to the needs of the job market.<\/p><\/li><li><p>Great versatility in Information and Communication Technologies.<\/p><\/li><li><p>Strong managerial competence with a good understanding of the business environment.<\/p><\/li><li><p>Good training in the management of IT projects.<\/p><\/li><li><p>Exposure to the socio-economic and socio-cultural world to prepare them for an active role in society.<\/p><\/li><\/ul><\/div><\/div><\/div><\/div><\/div><\/div>\n\t\t\t\t<\/div>\n\t\t\t\t\t\t\t<div class=\"elementor-toggle-item\">\n\t\t\t\t\t<div id=\"elementor-tab-title-4412\" class=\"elementor-tab-title\" data-tab=\"2\" role=\"button\" aria-controls=\"elementor-tab-content-4412\" aria-expanded=\"false\">\n\t\t\t\t\t\t\t\t\t\t\t\t<span class=\"elementor-toggle-icon elementor-toggle-icon-left\" aria-hidden=\"true\">\n\t\t\t\t\t\t\t\t\t\t\t\t\t\t\t<span class=\"elementor-toggle-icon-closed\"><i class=\"fas fa-angle-down\"><\/i><\/span>\n\t\t\t\t\t\t\t\t<span class=\"elementor-toggle-icon-opened\"><i class=\"elementor-toggle-icon-opened fas fa-angle-up\"><\/i><\/span>\n\t\t\t\t\t\t\t\t\t\t\t\t\t<\/span>\n\t\t\t\t\t\t\t\t\t\t\t\t<a class=\"elementor-toggle-title\" tabindex=\"0\">Career Opportunities and Impacts of the Training<\/a>\n\t\t\t\t\t<\/div>\n\n\t\t\t\t\t<div id=\"elementor-tab-content-4412\" class=\"elementor-tab-content elementor-clearfix\" data-tab=\"2\" role=\"region\" aria-labelledby=\"elementor-tab-title-4412\"><div class=\"flex-1 overflow-hidden\"><div class=\"react-scroll-to-bottom--css-fheby-79elbk h-full\"><div class=\"react-scroll-to-bottom--css-fheby-1n7m0yu\"><div class=\"flex flex-col pb-9 text-sm\"><div class=\"w-full text-token-text-primary\" data-testid=\"conversation-turn-47\"><div class=\"px-4 py-2 justify-center text-base md:gap-6 m-auto\"><div class=\"flex flex-1 text-base mx-auto gap-3 md:px-5 lg:px-1 xl:px-5 md:max-w-3xl group final-completion\"><div class=\"relative flex w-full flex-col lg:w-[calc(100%-115px)] agent-turn\"><div class=\"flex-col gap-1 md:gap-3\"><div class=\"flex flex-grow flex-col max-w-full\"><div class=\"min-h-[20px] text-message flex flex-col items-start gap-3 whitespace-pre-wrap break-words [.text-message+&amp;]:mt-5 overflow-x-auto\" data-message-author-role=\"assistant\" data-message-id=\"7a6a47a4-a4d5-4315-bfd3-743b8dfb01a6\"><div class=\"markdown prose w-full break-words dark:prose-invert dark\"><p>Studies Engineer, Project Manager, Development Engineer, Network Engineer, Network Administrator, System Administrator, Quality Engineer, Security Engineer, Consultant, Teacher, Researcher, and more.<\/p><\/div><\/div><\/div><\/div><\/div><\/div><\/div><\/div><\/div><\/div><\/div><\/div><div class=\"w-full pt-2 md:pt-0 dark:border-white\/20 md:border-transparent md:dark:border-transparent md:w-[calc(100%-.5rem)]\">\u00a0<\/div><\/div>\n\t\t\t\t<\/div>\n\t\t\t\t\t\t\t<div class=\"elementor-toggle-item\">\n\t\t\t\t\t<div id=\"elementor-tab-title-4413\" class=\"elementor-tab-title\" data-tab=\"3\" role=\"button\" aria-controls=\"elementor-tab-content-4413\" aria-expanded=\"false\">\n\t\t\t\t\t\t\t\t\t\t\t\t<span class=\"elementor-toggle-icon elementor-toggle-icon-left\" aria-hidden=\"true\">\n\t\t\t\t\t\t\t\t\t\t\t\t\t\t\t<span class=\"elementor-toggle-icon-closed\"><i class=\"fas fa-angle-down\"><\/i><\/span>\n\t\t\t\t\t\t\t\t<span class=\"elementor-toggle-icon-opened\"><i class=\"elementor-toggle-icon-opened fas fa-angle-up\"><\/i><\/span>\n\t\t\t\t\t\t\t\t\t\t\t\t\t<\/span>\n\t\t\t\t\t\t\t\t\t\t\t\t<a class=\"elementor-toggle-title\" tabindex=\"0\">Various career paths<\/a>\n\t\t\t\t\t<\/div>\n\n\t\t\t\t\t<div id=\"elementor-tab-content-4413\" class=\"elementor-tab-content elementor-clearfix\" data-tab=\"3\" role=\"region\" aria-labelledby=\"elementor-tab-title-4413\"><p>publiques, \u00e9ta<\/p><p>Public institutions, higher education establishments&#8230;<\/p><p>Semi-public sector: Offices, public service entities&#8230;<\/p><p>Private sector: IT service companies (SSII), software publishers, consulting firms, banks, insurance companies, telecommunications operators&#8230;<\/p><p>blissements d\u2019enseignement sup\u00e9rieur, \u2026<br \/>Secteur semi-public : Offices, r\u00e9gies, \u2026<br \/>Secteur priv\u00e9 : SSII, \u00e9diteurs de logiciels, soci\u00e9t\u00e9s de conseil, banques, assurances, op\u00e9rateurs t\u00e9l\u00e9coms,<\/p><\/div>\n\t\t\t\t<\/div>\n\t\t\t\t\t\t\t\t<\/div>\n\t\t\t\t<\/div>\n\t\t\t\t<\/div>\n\t\t\t\t\t<\/div>\n\t\t<\/div>\n\t\t\t\t\t<\/div>\n\t\t<\/section>\n\t\t\t\t<\/div>\n\t\t","protected":false},"excerpt":{"rendered":"<p>The Computer Engineering program Department: Mathematics, Computer Science, and Geomatics Specialization: Software Engineering, Databases and Information Systems, Systems and Networks, IT Management Pedagogic Sector Coordinator Last name &#038; first name: RGHIOUI ANASS Email: a.rghioui@www.ehtp.ac.ma This program is designed to train computer engineers capable of working in various fields of information technology and communication. The engineers thus trained are generalists in computer science. They possess strong methodological and technical foundations that enable them to develop a set of skills that align with the evolution of technology and the socio-economic landscape. These skills are adaptable to the requirements of jobs and the characteristics of individuals. By avoiding strong specialization, this curriculum facilitates their integration into the professional environment and provides them with the best possible career development. Training Objectives Provide the engineer with: A solid foundation in computer science with good methodological and technical knowledge tailored to the needs of the job market. Great versatility in Information and Communication Technologies. Strong managerial competence with a good understanding of the business environment. Good training in the management of IT projects. Exposure to the socio-economic and socio-cultural world to prepare them for an active role in society. Career Opportunities and Impacts of the Training Studies Engineer, Project Manager, Development Engineer, Network Engineer, Network Administrator, System Administrator, Quality Engineer, Security Engineer, Consultant, Teacher, Researcher, and more. \u00a0 Various career paths publiques, \u00e9ta Public institutions, higher education establishments&#8230; Semi-public sector: Offices, public service entities&#8230; Private sector: IT service companies (SSII), software publishers, consulting firms, banks, insurance companies, telecommunications operators&#8230; blissements d\u2019enseignement sup\u00e9rieur, \u2026Secteur semi-public : Offices, r\u00e9gies, \u2026Secteur priv\u00e9 : SSII, \u00e9diteurs de logiciels, soci\u00e9t\u00e9s de conseil, banques, assurances, op\u00e9rateurs t\u00e9l\u00e9coms,<\/p>\n","protected":false},"author":1,"featured_media":0,"parent":15966,"menu_order":0,"comment_status":"closed","ping_status":"closed","template":"","meta":{"footnotes":""},"class_list":["post-15972","page","type-page","status-publish","hentry","post-no-thumbnail"],"acf":[],"_links":{"self":[{"href":"https:\/\/www.ehtp.ac.ma\/en\/wp-json\/wp\/v2\/pages\/15972","targetHints":{"allow":["GET"]}}],"collection":[{"href":"https:\/\/www.ehtp.ac.ma\/en\/wp-json\/wp\/v2\/pages"}],"about":[{"href":"https:\/\/www.ehtp.ac.ma\/en\/wp-json\/wp\/v2\/types\/page"}],"author":[{"embeddable":true,"href":"https:\/\/www.ehtp.ac.ma\/en\/wp-json\/wp\/v2\/users\/1"}],"replies":[{"embeddable":true,"href":"https:\/\/www.ehtp.ac.ma\/en\/wp-json\/wp\/v2\/comments?post=15972"}],"version-history":[{"count":16,"href":"https:\/\/www.ehtp.ac.ma\/en\/wp-json\/wp\/v2\/pages\/15972\/revisions"}],"predecessor-version":[{"id":20584,"href":"https:\/\/www.ehtp.ac.ma\/en\/wp-json\/wp\/v2\/pages\/15972\/revisions\/20584"}],"up":[{"embeddable":true,"href":"https:\/\/www.ehtp.ac.ma\/en\/wp-json\/wp\/v2\/pages\/15966"}],"wp:attachment":[{"href":"https:\/\/www.ehtp.ac.ma\/en\/wp-json\/wp\/v2\/media?parent=15972"}],"curies":[{"name":"wp","href":"https:\/\/api.w.org\/{rel}","templated":true}]}}