{"id":15993,"date":"2022-03-29T10:06:40","date_gmt":"2022-03-29T08:06:40","guid":{"rendered":"http:\/\/rania.ma\/forum-ehtp-entreprises\/"},"modified":"2022-11-29T11:01:44","modified_gmt":"2022-11-29T10:01:44","slug":"forum-ehtp-companies","status":"publish","type":"page","link":"https:\/\/www.ehtp.ac.ma\/en\/forum-ehtp-companies\/","title":{"rendered":"Forum EHTP Companies"},"content":{"rendered":"\t\t<div data-elementor-type=\"wp-page\" data-elementor-id=\"15993\" class=\"elementor elementor-15993 elementor-15177\">\n\t\t\t\t\t\t<section class=\"elementor-section elementor-top-section elementor-element elementor-element-097e2ef elementor-section-boxed elementor-section-gap-beside-yes elementor-section-height-default elementor-section-height-default elementor-section-content-align-center elementor-section-column-vertical-align-stretch\" data-id=\"097e2ef\" data-element_type=\"section\">\n\t\t\t\t\t\t<div class=\"elementor-container elementor-column-gap-extended\">\n\t\t\t\t\t<div class=\"elementor-column elementor-col-100 elementor-top-column elementor-element elementor-element-fb6ed7d\" data-id=\"fb6ed7d\" data-element_type=\"column\">\n\t\t\t<div class=\"elementor-widget-wrap elementor-element-populated\">\n\t\t\t\t\t\t<div class=\"elementor-element elementor-element-58302fb elementor-widget elementor-widget-text-editor\" data-id=\"58302fb\" data-element_type=\"widget\" data-widget_type=\"text-editor.default\">\n\t\t\t\t<div class=\"elementor-widget-container\">\n\t\t\t\t\t\t\t<div><p>D\u2019ann\u00e9e en ann\u00e9e, le forum EHTP Entreprises ne cesse de prendre de l\u2019envergure, et suscite l\u2019int\u00e9r\u00eat aussi bien des entreprises que des visiteurs.<\/p><p>\u00a0Le forum EHTP-Entreprises b\u00e9n\u00e9ficie d\u2019une organisation de haut niveau. Nous devons cela \u00e0 l\u2019EHTP, qui b\u00e9n\u00e9ficie de locaux tr\u00e8s conviviaux et spacieux qui permettent de bien g\u00e9rer cet \u00e9v\u00e8nement de grande envergure. Un autre point qui est tr\u00e8s important, c\u2019est que pendant le forum, nous veillons \u00e0 ce qu\u2019il n\u2019y ait pas de discrimination entre EHTPistes et \u00e9tudiants d\u2019autres \u00e9coles et nos visiteurs l\u2019ont bien remarqu\u00e9. Tous les \u00e9tudiants sont vivement convi\u00e9s, au m\u00eame pied d\u2019\u00e9galit\u00e9, \u00e0 participer \u00e0 notre \u00e9v\u00e8nement.<\/p><p><a href=\"http:\/\/ehtp-entreprises.com\/\" target=\"_blank\" rel=\"noopener\">Site Forum\u00a0<span data-scayt_word=\"EHTP\" data-scaytid=\"410\">EHTP<\/span>\u00a0<span data-scayt_word=\"Entreprise\" data-scaytid=\"411\">Entreprise<\/span><\/a><\/p><\/div>\t\t\t\t\t\t<\/div>\n\t\t\t\t<\/div>\n\t\t\t\t\t<\/div>\n\t\t<\/div>\n\t\t\t\t\t<\/div>\n\t\t<\/section>\n\t\t\t\t<\/div>\n\t\t","protected":false},"excerpt":{"rendered":"<p>D\u2019ann\u00e9e en ann\u00e9e, le forum EHTP Entreprises ne cesse de prendre de l\u2019envergure, et suscite l\u2019int\u00e9r\u00eat aussi bien des entreprises que des visiteurs. &nbsp;Le forum EHTP-Entreprises b\u00e9n\u00e9ficie d\u2019une organisation de haut niveau. Nous devons cela \u00e0 l\u2019EHTP, qui b\u00e9n\u00e9ficie de locaux tr\u00e8s conviviaux et spacieux qui permettent de bien g\u00e9rer cet \u00e9v\u00e8nement de grande envergure. Un autre point qui est tr\u00e8s important, c\u2019est que pendant le forum, nous veillons \u00e0 ce qu\u2019il n\u2019y ait pas de discrimination entre EHTPistes et \u00e9tudiants d\u2019autres \u00e9coles et nos visiteurs l\u2019ont bien remarqu\u00e9. Tous les \u00e9tudiants sont vivement convi\u00e9s, au m\u00eame pied d\u2019\u00e9galit\u00e9, \u00e0 participer \u00e0 notre \u00e9v\u00e8nement. Site Forum&nbsp;EHTP&nbsp;Entreprise<\/p>\n","protected":false},"author":1,"featured_media":0,"parent":0,"menu_order":0,"comment_status":"closed","ping_status":"closed","template":"","meta":{"footnotes":""},"class_list":["post-15993","page","type-page","status-publish","hentry","post-no-thumbnail"],"acf":[],"_links":{"self":[{"href":"https:\/\/www.ehtp.ac.ma\/en\/wp-json\/wp\/v2\/pages\/15993","targetHints":{"allow":["GET"]}}],"collection":[{"href":"https:\/\/www.ehtp.ac.ma\/en\/wp-json\/wp\/v2\/pages"}],"about":[{"href":"https:\/\/www.ehtp.ac.ma\/en\/wp-json\/wp\/v2\/types\/page"}],"author":[{"embeddable":true,"href":"https:\/\/www.ehtp.ac.ma\/en\/wp-json\/wp\/v2\/users\/1"}],"replies":[{"embeddable":true,"href":"https:\/\/www.ehtp.ac.ma\/en\/wp-json\/wp\/v2\/comments?post=15993"}],"version-history":[{"count":1,"href":"https:\/\/www.ehtp.ac.ma\/en\/wp-json\/wp\/v2\/pages\/15993\/revisions"}],"predecessor-version":[{"id":16413,"href":"https:\/\/www.ehtp.ac.ma\/en\/wp-json\/wp\/v2\/pages\/15993\/revisions\/16413"}],"wp:attachment":[{"href":"https:\/\/www.ehtp.ac.ma\/en\/wp-json\/wp\/v2\/media?parent=15993"}],"curies":[{"name":"wp","href":"https:\/\/api.w.org\/{rel}","templated":true}]}}