{"id":16026,"date":"2022-03-14T15:09:30","date_gmt":"2022-03-14T14:09:30","guid":{"rendered":"http:\/\/rania.ma\/inscription-formation-continue\/"},"modified":"2022-11-29T11:07:51","modified_gmt":"2022-11-29T10:07:51","slug":"inscription-formation-continue","status":"publish","type":"page","link":"https:\/\/www.ehtp.ac.ma\/en\/inscription-formation-continue\/","title":{"rendered":"Registration"},"content":{"rendered":"\t\t<div data-elementor-type=\"wp-page\" data-elementor-id=\"16026\" class=\"elementor elementor-16026 elementor-14436\">\n\t\t\t\t\t\t<section class=\"elementor-section elementor-top-section elementor-element elementor-element-0c42266 elementor-section-boxed elementor-section-gap-beside-yes elementor-section-height-default elementor-section-height-default elementor-section-column-vertical-align-stretch\" data-id=\"0c42266\" data-element_type=\"section\">\n\t\t\t\t\t\t<div class=\"elementor-container elementor-column-gap-extended\">\n\t\t\t\t\t<div class=\"elementor-column elementor-col-100 elementor-top-column elementor-element elementor-element-c075268\" data-id=\"c075268\" data-element_type=\"column\">\n\t\t\t<div class=\"elementor-widget-wrap elementor-element-populated\">\n\t\t\t\t\t\t<div class=\"elementor-element elementor-element-1fab011 edumall-contact-form-style-01 edumall-button-align-stretch elementor-widget elementor-widget-tm-contact-form-7\" data-id=\"1fab011\" data-element_type=\"widget\" data-widget_type=\"tm-contact-form-7.default\">\n\t\t\t\t<div class=\"elementor-widget-container\">\n\t\t\t\t\t<div class=\"edumall-contact-form-7\">\n\t\t\t\n<div class=\"wpcf7 no-js\" id=\"wpcf7-f14437-o1\" lang=\"fr-FR\" dir=\"ltr\" data-wpcf7-id=\"14437\">\n<div class=\"screen-reader-response\"><p role=\"status\" aria-live=\"polite\" aria-atomic=\"true\"><\/p> <ul><\/ul><\/div>\n<form action=\"\/en\/wp-json\/wp\/v2\/pages\/16026#wpcf7-f14437-o1\" method=\"post\" class=\"wpcf7-form init\" aria-label=\"Formulaire de contact\" novalidate=\"novalidate\" data-status=\"init\">\n<div style=\"display: none;\">\n<input type=\"hidden\" name=\"_wpcf7\" value=\"14437\" \/>\n<input type=\"hidden\" name=\"_wpcf7_version\" value=\"6.0\" \/>\n<input type=\"hidden\" name=\"_wpcf7_locale\" value=\"fr_FR\" \/>\n<input type=\"hidden\" name=\"_wpcf7_unit_tag\" value=\"wpcf7-f14437-o1\" \/>\n<input type=\"hidden\" name=\"_wpcf7_container_post\" value=\"0\" \/>\n<input type=\"hidden\" name=\"_wpcf7_posted_data_hash\" value=\"\" \/>\n<input type=\"hidden\" name=\"_wpcf7_recaptcha_response\" value=\"\" \/>\n<\/div>\n<p><label><strong>Choisir la formation<\/strong><\/label>\n<\/p>\n<p><span class=\"wpcf7-form-control-wrap\" data-name=\"formation\"><select class=\"wpcf7-form-control wpcf7-select wpcf7-validates-as-required\" aria-required=\"true\" aria-invalid=\"false\" name=\"formation\"><option value=\"Certificat sup\u00e9rieur en g\u00e9omatique et application EHTP-ENSG Paris\">Certificat sup\u00e9rieur en g\u00e9omatique et application EHTP-ENSG Paris<\/option><option value=\"Executive Master En Gouvernance et Strat\u00e9gie Digitales\">Executive Master En Gouvernance et Strat\u00e9gie Digitales<\/option><option value=\"Ex\u00e9cutive Master Ing\u00e9nierie Immobili\u00e8re\">Ex\u00e9cutive Master Ing\u00e9nierie Immobili\u00e8re<\/option><option value=\"(Nouveau) Master in Engineering Large Infrastructure Projects\">(Nouveau) Master in Engineering Large Infrastructure Projects<\/option><option value=\"Master sp\u00e9cialis\u00e9 BIM et ses applications\">Master sp\u00e9cialis\u00e9 BIM et ses applications<\/option><option value=\"Master sp\u00e9cialis\u00e9 Data Engineering (Ing\u00e9nierie des donn\u00e9es)\">Master sp\u00e9cialis\u00e9 Data Engineering (Ing\u00e9nierie des donn\u00e9es)<\/option><option value=\"Master Sp\u00e9cialis\u00e9 Intelligence Artificielle Des Objets &amp; Innovation\">Master Sp\u00e9cialis\u00e9 Intelligence Artificielle Des Objets &amp; Innovation<\/option><option value=\"Master sp\u00e9cialis\u00e9 Data Engineering (Ing\u00e9nierie des donn\u00e9es)\">Master sp\u00e9cialis\u00e9 Data Engineering (Ing\u00e9nierie des donn\u00e9es)<\/option><option value=\"Executive MBA en Leadership et Gouvernance Publics\">Executive MBA en Leadership et Gouvernance Publics<\/option><option value=\"Master Sp\u00e9cialis\u00e9 Ing\u00e9nierie de l\u2019Hydraulique et la Gestion Int\u00e9gr\u00e9e des Ressources en Eau\">Master Sp\u00e9cialis\u00e9 Ing\u00e9nierie de l\u2019Hydraulique et la Gestion Int\u00e9gr\u00e9e des Ressources en Eau<\/option><option value=\"Master sp\u00e9cialis\u00e9 Management de Projets de B\u00e2timents et Travaux Publics : MS MPBTP\">Master sp\u00e9cialis\u00e9 Management de Projets de B\u00e2timents et Travaux Publics : MS MPBTP<\/option><option value=\"Master Sp\u00e9cialis\u00e9 Management de Syst\u00e8mes Logistiques et Achats\">Master Sp\u00e9cialis\u00e9 Management de Syst\u00e8mes Logistiques et Achats<\/option><option value=\"Dipl\u00f4me Superieur Expert Coach EHTP-MAROCDEVENIR\">Dipl\u00f4me Superieur Expert Coach EHTP-MAROCDEVENIR<\/option><option value=\"Master Sp\u00e9cialis\u00e9 en Management des Ressources Humaines\">Master Sp\u00e9cialis\u00e9 en Management des Ressources Humaines<\/option><option value=\"Ex\u00e9cutive Master Ing\u00e9nierie Immobili\u00e8re\">Ex\u00e9cutive Master Ing\u00e9nierie Immobili\u00e8re<\/option><\/select><\/span><br \/>\n<label><strong>Date de lancement<\/strong><\/label>\n<\/p>\n<p><span class=\"wpcf7-form-control-wrap nom\"><input type=\"text\" name=\"nom\" value=\"\" size=\"40\" class=\"wpcf7-form-control wpcf7-text wpcf7-validates-as-required\" aria-required=\"true\" aria-invalid=\"false\" placeholder=\"15\/09\/2022\" disabled \/><\/span><br \/>\n<span class=\"wpcf7-form-control-wrap\" data-name=\"type\"><span class=\"wpcf7-form-control wpcf7-radio\"><span class=\"wpcf7-list-item first\"><label><input type=\"radio\" name=\"type\" value=\"Inscription\" checked=\"checked\" \/><span class=\"wpcf7-list-item-label\">Inscription<\/span><\/label><\/span><span class=\"wpcf7-list-item last\"><label><input type=\"radio\" name=\"type\" value=\"Demande d&#039;informations\" \/><span class=\"wpcf7-list-item-label\">Demande d&#039;informations<\/span><\/label><\/span><\/span><\/span><br \/>\n<span class=\"wpcf7-form-control-wrap\" data-name=\"nom\"><input size=\"40\" maxlength=\"400\" class=\"wpcf7-form-control wpcf7-text wpcf7-validates-as-required\" aria-required=\"true\" aria-invalid=\"false\" placeholder=\"Nom\" value=\"\" type=\"text\" name=\"nom\" \/><\/span>\n<\/p>\n<p><span class=\"wpcf7-form-control-wrap\" data-name=\"prenom\"><input size=\"40\" maxlength=\"400\" class=\"wpcf7-form-control wpcf7-text wpcf7-validates-as-required\" aria-required=\"true\" aria-invalid=\"false\" placeholder=\"Pr\u00e9nom\" value=\"\" type=\"text\" name=\"prenom\" \/><\/span>\n<\/p>\n<p><span class=\"wpcf7-form-control-wrap\" data-name=\"emails\"><input size=\"40\" maxlength=\"400\" class=\"wpcf7-form-control wpcf7-email wpcf7-text wpcf7-validates-as-email\" aria-invalid=\"false\" placeholder=\"Email\" value=\"\" type=\"email\" name=\"emails\" \/><\/span>\n<\/p>\n<p><span class=\"wpcf7-form-control-wrap\" data-name=\"tel\"><input size=\"40\" maxlength=\"400\" class=\"wpcf7-form-control wpcf7-tel wpcf7-text wpcf7-validates-as-tel\" aria-invalid=\"false\" placeholder=\"T\u00e9l\u00e9phone\" value=\"\" type=\"tel\" name=\"tel\" \/><\/span>\n<\/p>\n<p><label><strong>Dipl\u00f4me<\/strong><\/label>\n<\/p>\n<p><span class=\"wpcf7-form-control-wrap\" data-name=\"Diplome\"><textarea cols=\"40\" rows=\"10\" maxlength=\"2000\" class=\"wpcf7-form-control wpcf7-textarea\" aria-invalid=\"false\" name=\"Diplome\"><\/textarea><\/span>\n<\/p>\n<p><input class=\"wpcf7-form-control wpcf7-submit has-spinner\" type=\"submit\" value=\"Envoyer\" \/>\n<\/p><div class=\"wpcf7-response-output\" aria-hidden=\"true\"><\/div>\n<\/form>\n<\/div>\n\t\t<\/div>\n\t\t\t\t<\/div>\n\t\t\t\t<\/div>\n\t\t\t\t\t<\/div>\n\t\t<\/div>\n\t\t\t\t\t<\/div>\n\t\t<\/section>\n\t\t\t\t<\/div>\n\t\t","protected":false},"excerpt":{"rendered":"<p>Choisir la formation Certificat sup\u00e9rieur en g\u00e9omatique et application EHTP-ENSG ParisExecutive Master En Gouvernance et Strat\u00e9gie DigitalesEx\u00e9cutive Master Ing\u00e9nierie Immobili\u00e8re(Nouveau) Master in Engineering Large Infrastructure ProjectsMaster sp\u00e9cialis\u00e9 BIM et ses applicationsMaster sp\u00e9cialis\u00e9 Data Engineering (Ing\u00e9nierie des donn\u00e9es)Master Sp\u00e9cialis\u00e9 Intelligence Artificielle Des Objets &amp; InnovationMaster sp\u00e9cialis\u00e9 Data Engineering (Ing\u00e9nierie des donn\u00e9es)Executive MBA en Leadership et Gouvernance PublicsMaster Sp\u00e9cialis\u00e9 Ing\u00e9nierie de l\u2019Hydraulique et la Gestion Int\u00e9gr\u00e9e des Ressources en EauMaster sp\u00e9cialis\u00e9 Management de Projets de B\u00e2timents et Travaux Publics : MS MPBTPMaster Sp\u00e9cialis\u00e9 Management de Syst\u00e8mes Logistiques et AchatsDipl\u00f4me Superieur Expert Coach EHTP-MAROCDEVENIRMaster Sp\u00e9cialis\u00e9 en Management des Ressources HumainesEx\u00e9cutive Master Ing\u00e9nierie Immobili\u00e8re Date de lancement InscriptionDemande d&#039;informations Dipl\u00f4me<\/p>\n","protected":false},"author":1,"featured_media":0,"parent":0,"menu_order":0,"comment_status":"closed","ping_status":"closed","template":"","meta":{"footnotes":""},"class_list":["post-16026","page","type-page","status-publish","hentry","post-no-thumbnail"],"acf":[],"_links":{"self":[{"href":"https:\/\/www.ehtp.ac.ma\/en\/wp-json\/wp\/v2\/pages\/16026","targetHints":{"allow":["GET"]}}],"collection":[{"href":"https:\/\/www.ehtp.ac.ma\/en\/wp-json\/wp\/v2\/pages"}],"about":[{"href":"https:\/\/www.ehtp.ac.ma\/en\/wp-json\/wp\/v2\/types\/page"}],"author":[{"embeddable":true,"href":"https:\/\/www.ehtp.ac.ma\/en\/wp-json\/wp\/v2\/users\/1"}],"replies":[{"embeddable":true,"href":"https:\/\/www.ehtp.ac.ma\/en\/wp-json\/wp\/v2\/comments?post=16026"}],"version-history":[{"count":2,"href":"https:\/\/www.ehtp.ac.ma\/en\/wp-json\/wp\/v2\/pages\/16026\/revisions"}],"predecessor-version":[{"id":16447,"href":"https:\/\/www.ehtp.ac.ma\/en\/wp-json\/wp\/v2\/pages\/16026\/revisions\/16447"}],"wp:attachment":[{"href":"https:\/\/www.ehtp.ac.ma\/en\/wp-json\/wp\/v2\/media?parent=16026"}],"curies":[{"name":"wp","href":"https:\/\/api.w.org\/{rel}","templated":true}]}}