{"id":20159,"date":"2023-12-06T15:59:12","date_gmt":"2023-12-06T14:59:12","guid":{"rendered":"https:\/\/www.ehtp.ac.ma\/?page_id=20159"},"modified":"2025-10-09T13:54:10","modified_gmt":"2025-10-09T11:54:10","slug":"executive-master-cloud-computing","status":"publish","type":"page","link":"https:\/\/www.ehtp.ac.ma\/en\/diploma-courses\/executive-master-cloud-computing\/","title":{"rendered":"Executive Master Cloud Computing"},"content":{"rendered":"\t\t<div data-elementor-type=\"wp-page\" data-elementor-id=\"20159\" class=\"elementor elementor-20159 elementor-17429\">\n\t\t\t\t\t\t<section class=\"elementor-section elementor-top-section elementor-element elementor-element-ad5c271 elementor-section-boxed elementor-section-gap-beside-yes elementor-section-height-default elementor-section-height-default elementor-section-content-align-center elementor-section-column-vertical-align-stretch\" data-id=\"ad5c271\" data-element_type=\"section\">\n\t\t\t\t\t\t<div class=\"elementor-container elementor-column-gap-extended\">\n\t\t\t\t\t<div class=\"elementor-column elementor-col-100 elementor-top-column elementor-element elementor-element-22d5f5c\" data-id=\"22d5f5c\" data-element_type=\"column\">\n\t\t\t<div class=\"elementor-widget-wrap elementor-element-populated\">\n\t\t\t\t\t\t<div class=\"elementor-element elementor-element-f2c6f4f elementor-widget elementor-widget-heading\" data-id=\"f2c6f4f\" data-element_type=\"widget\" data-widget_type=\"heading.default\">\n\t\t\t\t<div class=\"elementor-widget-container\">\n\t\t\t<h2 class=\"elementor-heading-title elementor-size-default\"> Executive Master Cloud Computing<\/h2>\t\t<\/div>\n\t\t\t\t<\/div>\n\t\t\t\t<div class=\"elementor-element elementor-element-9037268 elementor-widget elementor-widget-image\" data-id=\"9037268\" data-element_type=\"widget\" data-widget_type=\"image.default\">\n\t\t\t\t<div class=\"elementor-widget-container\">\n\t\t\t\t\t\t\t\t\t\t\t\t\t<img fetchpriority=\"high\" decoding=\"async\" width=\"945\" height=\"315\" src=\"https:\/\/www.ehtp.ac.ma\/wp-content\/uploads\/2025\/10\/Executive-Master-en-Cloud-Computing-EMC2-\u2013-Session-2025-2026.png\" class=\"attachment-1536x1536 size-1536x1536 wp-image-23159\" alt=\"\" srcset=\"https:\/\/www.ehtp.ac.ma\/wp-content\/uploads\/2025\/10\/Executive-Master-en-Cloud-Computing-EMC2-\u2013-Session-2025-2026.png 945w, https:\/\/www.ehtp.ac.ma\/wp-content\/uploads\/2025\/10\/Executive-Master-en-Cloud-Computing-EMC2-\u2013-Session-2025-2026-300x100.png 300w, https:\/\/www.ehtp.ac.ma\/wp-content\/uploads\/2025\/10\/Executive-Master-en-Cloud-Computing-EMC2-\u2013-Session-2025-2026-768x256.png 768w, https:\/\/www.ehtp.ac.ma\/wp-content\/uploads\/2025\/10\/Executive-Master-en-Cloud-Computing-EMC2-\u2013-Session-2025-2026-80x27.png 80w\" sizes=\"(max-width: 945px) 100vw, 945px\" \/>\t\t\t\t\t\t\t\t\t\t\t\t\t<\/div>\n\t\t\t\t<\/div>\n\t\t\t\t\t<\/div>\n\t\t<\/div>\n\t\t\t\t\t<\/div>\n\t\t<\/section>\n\t\t\t\t<section class=\"elementor-section elementor-top-section elementor-element elementor-element-1f290bb elementor-section-boxed elementor-section-gap-beside-yes elementor-section-height-default elementor-section-height-default elementor-section-content-align-center elementor-section-column-vertical-align-stretch\" data-id=\"1f290bb\" data-element_type=\"section\">\n\t\t\t\t\t\t<div class=\"elementor-container elementor-column-gap-extended\">\n\t\t\t\t\t<div class=\"elementor-column elementor-col-100 elementor-top-column elementor-element elementor-element-d9899b0\" data-id=\"d9899b0\" data-element_type=\"column\">\n\t\t\t<div class=\"elementor-widget-wrap elementor-element-populated\">\n\t\t\t\t\t\t<div class=\"elementor-element elementor-element-ea7c2e8 elementor-widget elementor-widget-text-editor\" data-id=\"ea7c2e8\" data-element_type=\"widget\" data-widget_type=\"text-editor.default\">\n\t\t\t\t<div class=\"elementor-widget-container\">\n\t\t\t\t\t\t\t<p><strong><span style=\"font-size: 28.0pt; line-height: 115%; color: #0070c0;\"><b>Lancement de la 3\u00e8me \u00c9dition de l\u2019Executive Master en Cloud Computing EMC2 \u2013 Session 2025-2026<\/b><\/span><\/strong><\/p><p class=\"MsoNormal\"><span style=\"font-size: 14.0pt; line-height: 115%; font-family: 'Times New Roman',serif;\">Apr\u00e8s le succ\u00e8s des deux derni\u00e8res \u00e9ditions, l\u2019\u00c9cole Hassania des Travaux Publics (EHTP) est fi\u00e8re d\u2019annoncer le lancement de la troisi\u00e8me \u00e9dition du programme <b>Executive Master d\u2019\u00e9tablissement en Cloud Computing (EMC2).<\/b><\/span><\/p>\t\t\t\t\t\t<\/div>\n\t\t\t\t<\/div>\n\t\t\t\t<div class=\"elementor-element elementor-element-a41b0ac elementor-widget elementor-widget-heading\" data-id=\"a41b0ac\" data-element_type=\"widget\" data-widget_type=\"heading.default\">\n\t\t\t\t<div class=\"elementor-widget-container\">\n\t\t\t<h2 class=\"elementor-heading-title elementor-size-default\">\u00c0 qui s'adresse ce programme ?<\/h2>\t\t<\/div>\n\t\t\t\t<\/div>\n\t\t\t\t<div class=\"elementor-element elementor-element-ba14818 elementor-widget elementor-widget-text-editor\" data-id=\"ba14818\" data-element_type=\"widget\" data-widget_type=\"text-editor.default\">\n\t\t\t\t<div class=\"elementor-widget-container\">\n\t\t\t\t\t\t\t<p>Cet Ex\u00e9cutive Master est con\u00e7u pour :<\/p><ul><li><strong>Ing\u00e9nieurs syst\u00e8mes, r\u00e9seaux et cloud : <\/strong>Pour ceux qui souhaitent approfondir leurs connaissances techniques et se positionner en tant qu\u2019experts dans la mise en place et la gestion des infrastructures cloud.<\/li><li><strong>D\u00e9veloppeurs et DevOps :<\/strong> Ceux qui souhaitent ma\u00eetriser les outils et technologies cloud pour automatiser, optimiser et s\u00e9curiser les d\u00e9ploiements d&#8217;applications.<\/li><li><strong>Consultants IT et freelance :<\/strong> Pour ceux qui veulent se sp\u00e9cialiser dans le conseil cloud pour aider leurs clients \u00e0 migrer, optimiser ou d\u00e9velopper des solutions cloud.<\/li><li><strong>Technico-commerciaux et chefs de projet IT :<\/strong> Pour les professionnels qui ont un r\u00f4le commercial ou de gestion de projet et qui souhaitent comprendre le cloud computing pour mieux conseiller leurs clients ou mener leurs projets avec une vision plus globale.<\/li><li><strong>Managers IT, DSI, et responsables de la transformation digitale :<\/strong> Ceux qui souhaitent piloter efficacement la transformation digitale de leur entreprise en comprenant les enjeux, les solutions et les strat\u00e9gies cloud.<\/li><\/ul><p>\u00a0<\/p>\t\t\t\t\t\t<\/div>\n\t\t\t\t<\/div>\n\t\t\t\t\t<\/div>\n\t\t<\/div>\n\t\t\t\t\t<\/div>\n\t\t<\/section>\n\t\t\t\t<section class=\"elementor-section elementor-top-section elementor-element elementor-element-0f4b8a7 elementor-section-boxed elementor-section-gap-beside-yes elementor-section-height-default elementor-section-height-default elementor-section-content-align-center elementor-section-column-vertical-align-stretch\" data-id=\"0f4b8a7\" data-element_type=\"section\">\n\t\t\t\t\t\t<div class=\"elementor-container elementor-column-gap-extended\">\n\t\t\t\t\t<div class=\"elementor-column elementor-col-100 elementor-top-column elementor-element elementor-element-ecb6e0d\" data-id=\"ecb6e0d\" data-element_type=\"column\">\n\t\t\t<div class=\"elementor-widget-wrap elementor-element-populated\">\n\t\t\t\t\t\t<div class=\"elementor-element elementor-element-a876669 elementor-widget elementor-widget-heading\" data-id=\"a876669\" data-element_type=\"widget\" data-widget_type=\"heading.default\">\n\t\t\t\t<div class=\"elementor-widget-container\">\n\t\t\t<h2 class=\"elementor-heading-title elementor-size-default\">Points Forts du Programme <\/h2>\t\t<\/div>\n\t\t\t\t<\/div>\n\t\t\t\t<div class=\"elementor-element elementor-element-90c9a5a elementor-widget elementor-widget-text-editor\" data-id=\"90c9a5a\" data-element_type=\"widget\" data-widget_type=\"text-editor.default\">\n\t\t\t\t<div class=\"elementor-widget-container\">\n\t\t\t\t\t\t\t<ul><li>\ud83c\udf0d <strong>Un corps professoral de renomm\u00e9e internationale :<\/strong> Nos \u00e9tudiants auront l&#8217;opportunit\u00e9 d&#8217;apprendre aupr\u00e8s d&#8217;experts chevronn\u00e9s en Cloud Computing, leaders de l&#8217;industrie.<\/li><li>\ud83d\udcbb <strong>Formation pratique avanc\u00e9e :<\/strong> Le programme offre une formation pratique approfondie, avec un acc\u00e8s aux derni\u00e8res technologies et plateformes de Cloud.<\/li><li>\ud83d\ude80 <strong>Opportunit\u00e9s de carri\u00e8re prometteuses :<\/strong> En obtenant le dipl\u00f4me de notre programme, nos laur\u00e9ats seront pr\u00eats \u00e0 rejoindre l&#8217;industrie avec des comp\u00e9tences recherch\u00e9es et un avantage concurrentiel via un dipl\u00f4me remis par une prestigieuse \u00e9cole d\u2019ing\u00e9nieurs.<\/li><li>\ud83d\udcc5 <strong>Flexibilit\u00e9 pour les professionnels :<\/strong> Les cours se d\u00e9roulent pendant les week-ends pour s\u2019adapter aux emplois du temps des participants, assurant ainsi une formation de haut niveau sans impacter leur travail.<\/li><\/ul>\t\t\t\t\t\t<\/div>\n\t\t\t\t<\/div>\n\t\t\t\t\t<\/div>\n\t\t<\/div>\n\t\t\t\t\t<\/div>\n\t\t<\/section>\n\t\t\t\t<section class=\"elementor-section elementor-top-section elementor-element elementor-element-18379c1 elementor-section-boxed elementor-section-gap-beside-yes elementor-section-height-default elementor-section-height-default elementor-section-content-align-center elementor-section-column-vertical-align-stretch\" data-id=\"18379c1\" data-element_type=\"section\">\n\t\t\t\t\t\t<div class=\"elementor-container elementor-column-gap-extended\">\n\t\t\t\t\t<div class=\"elementor-column elementor-col-100 elementor-top-column elementor-element elementor-element-b99e178\" data-id=\"b99e178\" data-element_type=\"column\">\n\t\t\t<div class=\"elementor-widget-wrap elementor-element-populated\">\n\t\t\t\t\t\t<div class=\"elementor-element elementor-element-888bd19 elementor-widget elementor-widget-heading\" data-id=\"888bd19\" data-element_type=\"widget\" data-widget_type=\"heading.default\">\n\t\t\t\t<div class=\"elementor-widget-container\">\n\t\t\t<h2 class=\"elementor-heading-title elementor-size-default\">Pourquoi EMC maintenant ?<\/h2>\t\t<\/div>\n\t\t\t\t<\/div>\n\t\t\t\t<div class=\"elementor-element elementor-element-3786480 elementor-widget elementor-widget-text-editor\" data-id=\"3786480\" data-element_type=\"widget\" data-widget_type=\"text-editor.default\">\n\t\t\t\t<div class=\"elementor-widget-container\">\n\t\t\t\t\t\t\t<ul><li><p>Le Cloud Computing est au c\u0153ur de la transformation num\u00e9rique mondiale et s&#8217;inscrit pleinement dans la strat\u00e9gie nationale &#8220;Maroc Digital 2030&#8221;, ainsi que dans la vision de d\u00e9veloppement des comp\u00e9tences digitales locales. De plus, les principaux g\u00e9ants du Cloud tels qu\u2019Oracle, Amazon Web Services (AWS), Microsoft Azure, et Huawei Cloud investissent de plus en plus au Maroc pour en faire un hub de comp\u00e9tences technologiques pour toute l&#8217;Afrique.<\/p><\/li><\/ul>\t\t\t\t\t\t<\/div>\n\t\t\t\t<\/div>\n\t\t\t\t\t<\/div>\n\t\t<\/div>\n\t\t\t\t\t<\/div>\n\t\t<\/section>\n\t\t\t\t<section class=\"elementor-section elementor-top-section elementor-element elementor-element-f56b023 elementor-section-boxed elementor-section-gap-beside-yes elementor-section-height-default elementor-section-height-default elementor-section-content-align-center elementor-section-column-vertical-align-stretch\" data-id=\"f56b023\" data-element_type=\"section\">\n\t\t\t\t\t\t<div class=\"elementor-container elementor-column-gap-extended\">\n\t\t\t\t\t<div class=\"elementor-column elementor-col-100 elementor-top-column elementor-element elementor-element-c64626d\" data-id=\"c64626d\" data-element_type=\"column\">\n\t\t\t<div class=\"elementor-widget-wrap elementor-element-populated\">\n\t\t\t\t\t\t<div class=\"elementor-element elementor-element-1b271e5 elementor-widget elementor-widget-heading\" data-id=\"1b271e5\" data-element_type=\"widget\" data-widget_type=\"heading.default\">\n\t\t\t\t<div class=\"elementor-widget-container\">\n\t\t\t<h2 class=\"elementor-heading-title elementor-size-default\">Pr\u00e9paration aux Certifications <\/h2>\t\t<\/div>\n\t\t\t\t<\/div>\n\t\t\t\t<div class=\"elementor-element elementor-element-f792d45 elementor-widget elementor-widget-text-editor\" data-id=\"f792d45\" data-element_type=\"widget\" data-widget_type=\"text-editor.default\">\n\t\t\t\t<div class=\"elementor-widget-container\">\n\t\t\t\t\t\t\t<p>Notre programme offre \u00e9galement une pr\u00e9paration pour les certifications Cloud les plus recherch\u00e9es, notamment :<\/p><ul><li>Microsoft Azure Administrator, Azure Developer, Azure DevOps Engineer<\/li><li>Microsoft Azure Security Engineer, Azure AI Engineer<\/li><li>AWS Solutions Architect<\/li><\/ul>\t\t\t\t\t\t<\/div>\n\t\t\t\t<\/div>\n\t\t\t\t\t<\/div>\n\t\t<\/div>\n\t\t\t\t\t<\/div>\n\t\t<\/section>\n\t\t\t\t<section class=\"elementor-section elementor-top-section elementor-element elementor-element-1d1a440 elementor-section-boxed elementor-section-gap-beside-yes elementor-section-height-default elementor-section-height-default elementor-section-column-vertical-align-stretch\" data-id=\"1d1a440\" data-element_type=\"section\">\n\t\t\t\t\t\t<div class=\"elementor-container elementor-column-gap-extended\">\n\t\t\t\t\t<div class=\"elementor-column elementor-col-100 elementor-top-column elementor-element elementor-element-15a4fce\" data-id=\"15a4fce\" data-element_type=\"column\">\n\t\t\t<div class=\"elementor-widget-wrap elementor-element-populated\">\n\t\t\t\t\t\t<div class=\"elementor-element elementor-element-9bd9a05 elementor-align-center elementor-button-warning elementor-widget elementor-widget-button\" data-id=\"9bd9a05\" data-element_type=\"widget\" data-widget_type=\"button.default\">\n\t\t\t\t<div class=\"elementor-widget-container\">\n\t\t\t\t\t\t\t<div class=\"elementor-button-wrapper\">\n\t\t\t\t\t<a class=\"elementor-button elementor-button-link elementor-size-md elementor-animation-grow\" href=\"https:\/\/www.ehtp.ac.ma\/wp-content\/uploads\/2025\/10\/Brochure-EM-Cloud-Computing-Ed3.pdf\">\n\t\t\t\t\t\t<span class=\"elementor-button-content-wrapper\">\n\t\t\t\t\t\t\t\t\t<span class=\"elementor-button-text\">T\u00e9l\u00e9charger la brochure du programme<\/span>\n\t\t\t\t\t<\/span>\n\t\t\t\t\t<\/a>\n\t\t\t\t<\/div>\n\t\t\t\t\t\t<\/div>\n\t\t\t\t<\/div>\n\t\t\t\t<div class=\"elementor-element elementor-element-332e387 elementor-align-center elementor-widget elementor-widget-button\" data-id=\"332e387\" data-element_type=\"widget\" data-widget_type=\"button.default\">\n\t\t\t\t<div class=\"elementor-widget-container\">\n\t\t\t\t\t\t\t<div class=\"elementor-button-wrapper\">\n\t\t\t\t\t<a class=\"elementor-button elementor-button-link elementor-size-lg elementor-animation-grow\" href=\"https:\/\/executive-master-cloud-computing-maroc-emc2.wingstechnologies.ma\/?utm_source=site-ehtp-annonce-promo3\">\n\t\t\t\t\t\t<span class=\"elementor-button-content-wrapper\">\n\t\t\t\t\t\t\t\t\t<span class=\"elementor-button-text\">Lien d\u2019inscription<\/span>\n\t\t\t\t\t<\/span>\n\t\t\t\t\t<\/a>\n\t\t\t\t<\/div>\n\t\t\t\t\t\t<\/div>\n\t\t\t\t<\/div>\n\t\t\t\t\t<\/div>\n\t\t<\/div>\n\t\t\t\t\t<\/div>\n\t\t<\/section>\n\t\t\t\t<\/div>\n\t\t","protected":false},"excerpt":{"rendered":"<p>Executive Master Cloud Computing Lancement de la 3\u00e8me \u00c9dition de l\u2019Executive Master en Cloud Computing EMC2 \u2013 Session 2025-2026 Apr\u00e8s le succ\u00e8s des deux derni\u00e8res \u00e9ditions, l\u2019\u00c9cole Hassania des Travaux Publics (EHTP) est fi\u00e8re d\u2019annoncer le lancement de la troisi\u00e8me \u00e9dition du programme Executive Master d\u2019\u00e9tablissement en Cloud Computing (EMC2). \u00c0 qui s&#8217;adresse ce programme ? Cet Ex\u00e9cutive Master est con\u00e7u pour : Ing\u00e9nieurs syst\u00e8mes, r\u00e9seaux et cloud : Pour ceux qui souhaitent approfondir leurs connaissances techniques et se positionner en tant qu\u2019experts dans la mise en place et la gestion des infrastructures cloud. D\u00e9veloppeurs et DevOps : Ceux qui souhaitent ma\u00eetriser les outils et technologies cloud pour automatiser, optimiser et s\u00e9curiser les d\u00e9ploiements d&#8217;applications. Consultants IT et freelance : Pour ceux qui veulent se sp\u00e9cialiser dans le conseil cloud pour aider leurs clients \u00e0 migrer, optimiser ou d\u00e9velopper des solutions cloud. Technico-commerciaux et chefs de projet IT : Pour les professionnels qui ont un r\u00f4le commercial ou de gestion de projet et qui souhaitent comprendre le cloud computing pour mieux conseiller leurs clients ou mener leurs projets avec une vision plus globale. Managers IT, DSI, et responsables de la transformation digitale : Ceux qui souhaitent piloter efficacement la transformation digitale de leur entreprise en comprenant les enjeux, les solutions et les strat\u00e9gies cloud. \u00a0 Points Forts du Programme \ud83c\udf0d Un corps professoral de renomm\u00e9e internationale : Nos \u00e9tudiants auront l&#8217;opportunit\u00e9 d&#8217;apprendre aupr\u00e8s d&#8217;experts chevronn\u00e9s en Cloud Computing, leaders de l&#8217;industrie. \ud83d\udcbb Formation pratique avanc\u00e9e : Le programme offre une formation pratique approfondie, avec un acc\u00e8s aux derni\u00e8res technologies et plateformes de Cloud. \ud83d\ude80 Opportunit\u00e9s de carri\u00e8re prometteuses : En obtenant le dipl\u00f4me de notre programme, nos laur\u00e9ats seront pr\u00eats \u00e0 rejoindre l&#8217;industrie avec des comp\u00e9tences recherch\u00e9es et un avantage concurrentiel via un dipl\u00f4me remis par une prestigieuse \u00e9cole d\u2019ing\u00e9nieurs. \ud83d\udcc5 Flexibilit\u00e9 pour les professionnels : Les cours se d\u00e9roulent pendant les week-ends pour s\u2019adapter aux emplois du temps des participants, assurant ainsi une formation de haut niveau sans impacter leur travail. Pourquoi EMC maintenant ? Le Cloud Computing est au c\u0153ur de la transformation num\u00e9rique mondiale et s&#8217;inscrit pleinement dans la strat\u00e9gie nationale &#8220;Maroc Digital 2030&#8221;, ainsi que dans la vision de d\u00e9veloppement des comp\u00e9tences digitales locales. De plus, les principaux g\u00e9ants du Cloud tels qu\u2019Oracle, Amazon Web Services (AWS), Microsoft Azure, et Huawei Cloud investissent de plus en plus au Maroc pour en faire un hub de comp\u00e9tences technologiques pour toute l&#8217;Afrique. Pr\u00e9paration aux Certifications Notre programme offre \u00e9galement une pr\u00e9paration pour les certifications Cloud les plus recherch\u00e9es, notamment : Microsoft Azure Administrator, Azure Developer, Azure DevOps Engineer Microsoft Azure Security Engineer, Azure AI Engineer AWS Solutions Architect T\u00e9l\u00e9charger la brochure du programme Lien d\u2019inscription<\/p>\n","protected":false},"author":1,"featured_media":0,"parent":17727,"menu_order":0,"comment_status":"closed","ping_status":"closed","template":"","meta":{"footnotes":""},"class_list":["post-20159","page","type-page","status-publish","hentry","post-no-thumbnail"],"acf":[],"_links":{"self":[{"href":"https:\/\/www.ehtp.ac.ma\/en\/wp-json\/wp\/v2\/pages\/20159","targetHints":{"allow":["GET"]}}],"collection":[{"href":"https:\/\/www.ehtp.ac.ma\/en\/wp-json\/wp\/v2\/pages"}],"about":[{"href":"https:\/\/www.ehtp.ac.ma\/en\/wp-json\/wp\/v2\/types\/page"}],"author":[{"embeddable":true,"href":"https:\/\/www.ehtp.ac.ma\/en\/wp-json\/wp\/v2\/users\/1"}],"replies":[{"embeddable":true,"href":"https:\/\/www.ehtp.ac.ma\/en\/wp-json\/wp\/v2\/comments?post=20159"}],"version-history":[{"count":47,"href":"https:\/\/www.ehtp.ac.ma\/en\/wp-json\/wp\/v2\/pages\/20159\/revisions"}],"predecessor-version":[{"id":23245,"href":"https:\/\/www.ehtp.ac.ma\/en\/wp-json\/wp\/v2\/pages\/20159\/revisions\/23245"}],"up":[{"embeddable":true,"href":"https:\/\/www.ehtp.ac.ma\/en\/wp-json\/wp\/v2\/pages\/17727"}],"wp:attachment":[{"href":"https:\/\/www.ehtp.ac.ma\/en\/wp-json\/wp\/v2\/media?parent=20159"}],"curies":[{"name":"wp","href":"https:\/\/api.w.org\/{rel}","templated":true}]}}